{"id":3014,"date":"2022-01-28T14:16:02","date_gmt":"2022-01-28T13:16:02","guid":{"rendered":"https:\/\/tjeerdgeerts.com\/?page_id=3014"},"modified":"2022-01-28T15:20:16","modified_gmt":"2022-01-28T14:20:16","slug":"dejar-de-fumar","status":"publish","type":"page","link":"https:\/\/tjeerdgeerts.com\/es\/dejar-de-fumar\/","title":{"rendered":"Dejar de Fumar"},"content":{"rendered":"\t\t<div data-elementor-type=\"wp-page\" data-elementor-id=\"3014\" class=\"elementor elementor-3014 elementor-2981\">\n\t\t\t\t\t\t<section class=\"elementor-section elementor-top-section elementor-element elementor-element-d9e6e8a elementor-section-boxed elementor-section-height-default elementor-section-height-default\" data-id=\"d9e6e8a\" data-element_type=\"section\" data-e-type=\"section\">\n\t\t\t\t\t\t<div class=\"elementor-container elementor-column-gap-default\">\n\t\t\t\t\t<div class=\"elementor-column elementor-col-100 elementor-top-column elementor-element elementor-element-85927ed\" data-id=\"85927ed\" data-element_type=\"column\" data-e-type=\"column\">\n\t\t\t<div class=\"elementor-widget-wrap elementor-element-populated\">\n\t\t\t\t\t\t<div class=\"elementor-element elementor-element-4182c96 elementor-widget elementor-widget-text-editor\" data-id=\"4182c96\" data-element_type=\"widget\" data-e-type=\"widget\" data-widget_type=\"text-editor.default\">\n\t\t\t\t<div class=\"elementor-widget-container\">\n\t\t\t\t\t\t\t\t\t<p>Una vida sin humo, para muchos una simple realidad cotidiana, pero tambi\u00e9n para muchos un sue\u00f1o dif\u00edcil de alcanzar. La vida sin cigarrillos, sin ropa maloliente, sin manos, sin cortinas, sin ceniceros malolientes, sin tos, sin dificultad para respirar, sin un riesgo mucho mayor de enfermedades y sin riesgo de muerte prematura\u2026<\/p><p>Parece inalcanzable, el cigarrillo y la nicotina condicionan tu vida, has perdido completamente el control y eres demasiado d\u00e9bil para decir que no\u2026<\/p><p>O no\u2026\u2026<\/p><p>\u00bfSeguro que eres t\u00fa el que enciende ese cigarro cada vez?<\/p><p>As\u00ed que hay una batalla dentro de ti contra ti mismo, quieres parar, pero hay algo que te detiene.<\/p><p>\u00bfQu\u00e9 es eso entonces?<\/p><p>Es tu subconsciente.<\/p><p>\u00bfAlguna vez te has preguntado de d\u00f3nde viene ese ansia por fumar un cigarrillo?<\/p><p>Tu subconsciente est\u00e1 completamente convencido de que debes fumar, fumar est\u00e1 ligado en el subconsciente a todo tipo de emociones positivas y cuando recibe una se\u00f1al de tu cuerpo te ordena fumar un cigarrillo y DEBES obedecer.<\/p><p>\u00bfC\u00f3mo puedo ajustar mi subconsciente entonces?<\/p><p>Con hipnosis.<\/p><p>Al convencer definitivamente al subconsciente durante una sesi\u00f3n de hipnosis de que fumar realmente no est\u00e1 bien y al adjuntarle una emoci\u00f3n negativa que es mayor que todas las emociones positivas combinadas, su subconsciente ya no le ordenar\u00e1 fumar en el futuro.<\/p><p>\u00a1Toma el control de tu vida hoy!<\/p><p>No espere m\u00e1s.<\/p><p>Reserva una presentaci\u00f3n gratis, o env\u00edame un WhatsApp<\/p><p>Hazlo por tus seres queridos, por tu entorno, pero sobre todo hazlo por ti, por tu salud.<\/p><p>Por una vida libre sin esa molesta dependencia.<\/p><p>No espere m\u00e1s.<\/p><p>Tomar acci\u00f3n.<\/p><p>Si desea obtener a\u00fan m\u00e1s informaci\u00f3n sobre la hipnosis, lea estos art\u00edculos en este sitio:<\/p><p><a href=\"https:\/\/tjeerdgeerts.com\/es\/2021\/10\/26\/dejar-de-fumar-con-hipnosis\/\">Dejar de fumar con hypnosis<\/a><\/p><p><a href=\"https:\/\/tjeerdgeerts.com\/es\/que-es-la-hipnoterapia\/\">Qu\u00e9 es la Hipnoterapia?<\/a><\/p>\t\t\t\t\t\t\t\t<\/div>\n\t\t\t\t<\/div>\n\t\t\t\t\t<\/div>\n\t\t<\/div>\n\t\t\t\t\t<\/div>\n\t\t<\/section>\n\t\t\t\t<section class=\"elementor-section elementor-top-section elementor-element elementor-element-7cb45b1 elementor-section-boxed elementor-section-height-default elementor-section-height-default\" data-id=\"7cb45b1\" data-element_type=\"section\" data-e-type=\"section\">\n\t\t\t\t\t\t<div class=\"elementor-container elementor-column-gap-default\">\n\t\t\t\t\t<div class=\"elementor-column elementor-col-100 elementor-top-column elementor-element elementor-element-08f5438\" data-id=\"08f5438\" data-element_type=\"column\" data-e-type=\"column\">\n\t\t\t<div class=\"elementor-widget-wrap elementor-element-populated\">\n\t\t\t\t\t\t<div class=\"elementor-element elementor-element-f6998f7 elementor-align-center elementor-widget elementor-widget-button\" data-id=\"f6998f7\" data-element_type=\"widget\" data-e-type=\"widget\" data-widget_type=\"button.default\">\n\t\t\t\t<div class=\"elementor-widget-container\">\n\t\t\t\t\t\t\t\t\t<div class=\"elementor-button-wrapper\">\n\t\t\t\t\t<a class=\"elementor-button elementor-button-link elementor-size-sm\" href=\"https:\/\/tjeerdgeerts.com\/nl\/boek-een-afspraak\/\">\n\t\t\t\t\t\t<span class=\"elementor-button-content-wrapper\">\n\t\t\t\t\t\t\t\t\t<span class=\"elementor-button-text\">Boek een gratis consult<\/span>\n\t\t\t\t\t<\/span>\n\t\t\t\t\t<\/a>\n\t\t\t\t<\/div>\n\t\t\t\t\t\t\t\t<\/div>\n\t\t\t\t<\/div>\n\t\t\t\t\t<\/div>\n\t\t<\/div>\n\t\t\t\t\t<\/div>\n\t\t<\/section>\n\t\t\t\t<\/div>\n\t\t","protected":false},"excerpt":{"rendered":"<p>Una vida sin humo, para muchos una simple realidad cotidiana, pero tambi\u00e9n para muchos un sue\u00f1o dif\u00edcil de alcanzar. La vida sin cigarrillos, sin ropa maloliente, sin manos, sin cortinas, sin ceniceros malolientes, sin tos, sin dificultad para respirar, sin &hellip; <a href=\"https:\/\/tjeerdgeerts.com\/es\/dejar-de-fumar\/\">Read More<\/a><\/p>\n","protected":false},"author":2,"featured_media":0,"parent":0,"menu_order":0,"comment_status":"closed","ping_status":"closed","template":"","meta":{"_joinchat":[],"footnotes":""},"class_list":["post-3014","page","type-page","status-publish","hentry"],"_links":{"self":[{"href":"https:\/\/tjeerdgeerts.com\/es\/wp-json\/wp\/v2\/pages\/3014","targetHints":{"allow":["GET"]}}],"collection":[{"href":"https:\/\/tjeerdgeerts.com\/es\/wp-json\/wp\/v2\/pages"}],"about":[{"href":"https:\/\/tjeerdgeerts.com\/es\/wp-json\/wp\/v2\/types\/page"}],"author":[{"embeddable":true,"href":"https:\/\/tjeerdgeerts.com\/es\/wp-json\/wp\/v2\/users\/2"}],"replies":[{"embeddable":true,"href":"https:\/\/tjeerdgeerts.com\/es\/wp-json\/wp\/v2\/comments?post=3014"}],"version-history":[{"count":7,"href":"https:\/\/tjeerdgeerts.com\/es\/wp-json\/wp\/v2\/pages\/3014\/revisions"}],"predecessor-version":[{"id":3021,"href":"https:\/\/tjeerdgeerts.com\/es\/wp-json\/wp\/v2\/pages\/3014\/revisions\/3021"}],"wp:attachment":[{"href":"https:\/\/tjeerdgeerts.com\/es\/wp-json\/wp\/v2\/media?parent=3014"}],"curies":[{"name":"wp","href":"https:\/\/api.w.org\/{rel}","templated":true}]}}