{"id":2938,"date":"2021-10-23T17:28:32","date_gmt":"2021-10-23T17:28:32","guid":{"rendered":"https:\/\/tjeerdgeerts.com\/?page_id=2938"},"modified":"2021-11-14T21:37:44","modified_gmt":"2021-11-14T20:37:44","slug":"control-de-peso","status":"publish","type":"page","link":"https:\/\/tjeerdgeerts.com\/es\/control-de-peso\/","title":{"rendered":"Control de Peso"},"content":{"rendered":"\t\t<div data-elementor-type=\"wp-page\" data-elementor-id=\"2938\" class=\"elementor elementor-2938 elementor-256\">\n\t\t\t\t\t\t<section class=\"elementor-section elementor-top-section elementor-element elementor-element-f286933 elementor-section-boxed elementor-section-height-default elementor-section-height-default\" data-id=\"f286933\" data-element_type=\"section\" data-e-type=\"section\">\n\t\t\t\t\t\t<div class=\"elementor-container elementor-column-gap-default\">\n\t\t\t\t\t<div class=\"elementor-column elementor-col-100 elementor-top-column elementor-element elementor-element-8279c23\" data-id=\"8279c23\" data-element_type=\"column\" data-e-type=\"column\">\n\t\t\t<div class=\"elementor-widget-wrap elementor-element-populated\">\n\t\t\t\t\t\t<div class=\"elementor-element elementor-element-79de601 elementor-widget elementor-widget-image\" data-id=\"79de601\" data-element_type=\"widget\" data-e-type=\"widget\" data-widget_type=\"image.default\">\n\t\t\t\t<div class=\"elementor-widget-container\">\n\t\t\t\t\t\t\t\t\t\t\t\t\t\t\t<img fetchpriority=\"high\" decoding=\"async\" width=\"1024\" height=\"576\" src=\"https:\/\/tjeerdgeerts.com\/wp-content\/uploads\/2021\/10\/img24-1920x1080-1-1024x576.jpg\" class=\"attachment-large size-large wp-image-204\" alt=\"\" srcset=\"https:\/\/tjeerdgeerts.com\/wp-content\/uploads\/2021\/10\/img24-1920x1080-1-1024x576.jpg 1024w, https:\/\/tjeerdgeerts.com\/wp-content\/uploads\/2021\/10\/img24-1920x1080-1-600x338.jpg 600w, https:\/\/tjeerdgeerts.com\/wp-content\/uploads\/2021\/10\/img24-1920x1080-1-300x169.jpg 300w, https:\/\/tjeerdgeerts.com\/wp-content\/uploads\/2021\/10\/img24-1920x1080-1-768x432.jpg 768w, https:\/\/tjeerdgeerts.com\/wp-content\/uploads\/2021\/10\/img24-1920x1080-1-1536x864.jpg 1536w, https:\/\/tjeerdgeerts.com\/wp-content\/uploads\/2021\/10\/img24-1920x1080-1-53x30.jpg 53w, https:\/\/tjeerdgeerts.com\/wp-content\/uploads\/2021\/10\/img24-1920x1080-1-142x80.jpg 142w, https:\/\/tjeerdgeerts.com\/wp-content\/uploads\/2021\/10\/img24-1920x1080-1-394x222.jpg 394w, https:\/\/tjeerdgeerts.com\/wp-content\/uploads\/2021\/10\/img24-1920x1080-1-915x515.jpg 915w, https:\/\/tjeerdgeerts.com\/wp-content\/uploads\/2021\/10\/img24-1920x1080-1-1240x698.jpg 1240w, https:\/\/tjeerdgeerts.com\/wp-content\/uploads\/2021\/10\/img24-1920x1080-1.jpg 1920w\" sizes=\"(max-width: 1024px) 100vw, 1024px\" \/>\t\t\t\t\t\t\t\t\t\t\t\t\t\t\t<\/div>\n\t\t\t\t<\/div>\n\t\t\t\t\t<\/div>\n\t\t<\/div>\n\t\t\t\t\t<\/div>\n\t\t<\/section>\n\t\t\t\t<section class=\"elementor-section elementor-top-section elementor-element elementor-element-899fe59 elementor-section-boxed elementor-section-height-default elementor-section-height-default\" data-id=\"899fe59\" data-element_type=\"section\" data-e-type=\"section\">\n\t\t\t\t\t\t<div class=\"elementor-container elementor-column-gap-default\">\n\t\t\t\t\t<div class=\"elementor-column elementor-col-100 elementor-top-column elementor-element elementor-element-a0ddc42\" data-id=\"a0ddc42\" data-element_type=\"column\" data-e-type=\"column\">\n\t\t\t<div class=\"elementor-widget-wrap elementor-element-populated\">\n\t\t\t\t\t\t<div class=\"elementor-element elementor-element-8d39df4 elementor-widget elementor-widget-text-editor\" data-id=\"8d39df4\" data-element_type=\"widget\" data-e-type=\"widget\" data-widget_type=\"text-editor.default\">\n\t\t\t\t<div class=\"elementor-widget-container\">\n\t\t\t\t\t\t\t\t\t<p>Controlar tu peso<\/p>\t\t\t\t\t\t\t\t<\/div>\n\t\t\t\t<\/div>\n\t\t\t\t<div class=\"elementor-element elementor-element-b7dad0d elementor-widget elementor-widget-text-editor\" data-id=\"b7dad0d\" data-element_type=\"widget\" data-e-type=\"widget\" data-widget_type=\"text-editor.default\">\n\t\t\t\t<div class=\"elementor-widget-container\">\n\t\t\t\t\t\t\t\t\t<p>Tome el control de sus h\u00e1bitos alimenticios y vuelva a tener un peso normal.<br \/>Millones de personas en este planeta est\u00e1n luchando con su peso, nuestra forma de vida moderna nos proporciona un f\u00e1cil acceso a las comidas r\u00e1pidas con p\u00e9rdida de az\u00facar y carbohidratos y nuestras formas automatizadas de transporte nos reducen el ejercicio necesario para evitar que nuestros cuerpos aumenten de peso. y equilibrado. Despu\u00e9s de probar muchas dietas y cada vez que pierden y vuelven a subir de peso, las personas con sobrepeso comienzan a darse cuenta de que deben cambiar algo para hacer un cambio permanente en sus patrones de consumo. La hipnoterapia ha demostrado ser muy eficaz para cambiar los h\u00e1bitos alimenticios de las personas, un an\u00e1lisis de un estudio de 1970 encontr\u00f3 que la hipnosis tiene una tasa de \u00e9xito del 93 por ciento, con menos sesiones necesarias que tanto la psicoterapia como la terapia conductual. Los primeros estudios de los a\u00f1os 90 encontraron que las personas que usaban hipnosis perd\u00edan m\u00e1s del doble de peso que las que hac\u00edan dieta sin la terapia cognitiva. Un estudio de 2014 trabaj\u00f3 con 60 mujeres obesas y encontr\u00f3 que las que practicaban la terapia hipnoconductual perdieron peso y mejoraron sus h\u00e1bitos alimenticios y su imagen corporal. Y un peque\u00f1o estudio de 2017 trabaj\u00f3 con ocho adultos obesos y tres ni\u00f1os, todos los cuales perdieron peso con \u00e9xito.<\/p><p>Una de las mejores t\u00e9cnicas para cambiar los h\u00e1bitos alimenticios es dejar que el cuerpo vuelva a su sistema original y natural de control de peso. Durante la terapia, activar\u00e9 este sistema nuevamente para que note y responda a los signos de su cuerpo que le dicen que necesita comida o que necesita dejar de comer. La terapia dura de 4 a 6 semanas e incluye un enlace a un archivo de audio para escuchar en casa entre las sesiones.<\/p><p><br \/>Para los interesados, es posible aplicar una banda g\u00e1strica hipn\u00f3tica en la sesi\u00f3n 4.<\/p>\t\t\t\t\t\t\t\t<\/div>\n\t\t\t\t<\/div>\n\t\t\t\t\t<\/div>\n\t\t<\/div>\n\t\t\t\t\t<\/div>\n\t\t<\/section>\n\t\t\t\t<section class=\"elementor-section elementor-top-section elementor-element elementor-element-54cd27a elementor-section-stretched elementor-section-boxed elementor-section-height-default elementor-section-height-default\" data-id=\"54cd27a\" data-element_type=\"section\" data-e-type=\"section\" data-settings=\"{&quot;stretch_section&quot;:&quot;section-stretched&quot;,&quot;background_background&quot;:&quot;classic&quot;}\">\n\t\t\t\t\t\t<div class=\"elementor-container elementor-column-gap-default\">\n\t\t\t\t\t<div class=\"elementor-column elementor-col-100 elementor-top-column elementor-element elementor-element-66f7c92\" data-id=\"66f7c92\" data-element_type=\"column\" data-e-type=\"column\">\n\t\t\t<div class=\"elementor-widget-wrap elementor-element-populated\">\n\t\t\t\t\t\t<div class=\"elementor-element elementor-element-61a982a elementor-widget elementor-widget-spacer\" data-id=\"61a982a\" data-element_type=\"widget\" data-e-type=\"widget\" data-widget_type=\"spacer.default\">\n\t\t\t\t<div class=\"elementor-widget-container\">\n\t\t\t\t\t\t\t<div class=\"elementor-spacer\">\n\t\t\t<div class=\"elementor-spacer-inner\"><\/div>\n\t\t<\/div>\n\t\t\t\t\t\t<\/div>\n\t\t\t\t<\/div>\n\t\t\t\t<div class=\"elementor-element elementor-element-3bbc9e7 elementor-widget elementor-widget-heading\" data-id=\"3bbc9e7\" data-element_type=\"widget\" data-e-type=\"widget\" data-widget_type=\"heading.default\">\n\t\t\t\t<div class=\"elementor-widget-container\">\n\t\t\t\t\t<h2 class=\"elementor-heading-title elementor-size-default\">Mejora tu vida hoy!\n<\/h2>\t\t\t\t<\/div>\n\t\t\t\t<\/div>\n\t\t\t\t<div class=\"elementor-element elementor-element-b4f737d elementor-widget elementor-widget-text-editor\" data-id=\"b4f737d\" data-element_type=\"widget\" data-e-type=\"widget\" data-widget_type=\"text-editor.default\">\n\t\t\t\t<div class=\"elementor-widget-container\">\n\t\t\t\t\t\t\t\t\t<h5>Use su subconsciente para escuchar las se\u00f1ales de su cuerpo nuevamente<\/h5>\t\t\t\t\t\t\t\t<\/div>\n\t\t\t\t<\/div>\n\t\t\t\t<div class=\"elementor-element elementor-element-5caf53a elementor-widget elementor-widget-themo-call-to-action\" data-id=\"5caf53a\" data-element_type=\"widget\" data-e-type=\"widget\" data-widget_type=\"themo-call-to-action.default\">\n\t\t\t\t<div class=\"elementor-widget-container\">\n\t\t\t\t\t\t\t<div class=\"th-cta\">\n\t\t\t\n                        <div class=\"th-cta-btn\">\n\n                                    <a class=\"btn-1 btn th-btn btn-standard-light\" href=\"https:\/\/tjeerdgeerts.com\/nl\/boek-een-afspraak\/\" target=\"_blank\">\n                                                    Reservar una consulta gratuita                                            <\/a>\n                \n                            <\/div>\n            \t\t<\/div>\n\t\t\t\t\t\t<\/div>\n\t\t\t\t<\/div>\n\t\t\t\t<div class=\"elementor-element elementor-element-114ad1f elementor-widget elementor-widget-spacer\" data-id=\"114ad1f\" data-element_type=\"widget\" data-e-type=\"widget\" data-widget_type=\"spacer.default\">\n\t\t\t\t<div class=\"elementor-widget-container\">\n\t\t\t\t\t\t\t<div class=\"elementor-spacer\">\n\t\t\t<div class=\"elementor-spacer-inner\"><\/div>\n\t\t<\/div>\n\t\t\t\t\t\t<\/div>\n\t\t\t\t<\/div>\n\t\t\t\t\t<\/div>\n\t\t<\/div>\n\t\t\t\t\t<\/div>\n\t\t<\/section>\n\t\t\t\t<\/div>\n\t\t","protected":false},"excerpt":{"rendered":"<p>Controlar tu peso Tome el control de sus h\u00e1bitos alimenticios y vuelva a tener un peso normal.Millones de personas en este planeta est\u00e1n luchando con su peso, nuestra forma de vida moderna nos proporciona un f\u00e1cil acceso a las comidas &hellip; <a href=\"https:\/\/tjeerdgeerts.com\/es\/control-de-peso\/\">Read More<\/a><\/p>\n","protected":false},"author":2,"featured_media":0,"parent":0,"menu_order":30,"comment_status":"closed","ping_status":"closed","template":"","meta":{"_joinchat":[],"footnotes":""},"class_list":["post-2938","page","type-page","status-publish","hentry"],"_links":{"self":[{"href":"https:\/\/tjeerdgeerts.com\/es\/wp-json\/wp\/v2\/pages\/2938","targetHints":{"allow":["GET"]}}],"collection":[{"href":"https:\/\/tjeerdgeerts.com\/es\/wp-json\/wp\/v2\/pages"}],"about":[{"href":"https:\/\/tjeerdgeerts.com\/es\/wp-json\/wp\/v2\/types\/page"}],"author":[{"embeddable":true,"href":"https:\/\/tjeerdgeerts.com\/es\/wp-json\/wp\/v2\/users\/2"}],"replies":[{"embeddable":true,"href":"https:\/\/tjeerdgeerts.com\/es\/wp-json\/wp\/v2\/comments?post=2938"}],"version-history":[{"count":4,"href":"https:\/\/tjeerdgeerts.com\/es\/wp-json\/wp\/v2\/pages\/2938\/revisions"}],"predecessor-version":[{"id":2942,"href":"https:\/\/tjeerdgeerts.com\/es\/wp-json\/wp\/v2\/pages\/2938\/revisions\/2942"}],"wp:attachment":[{"href":"https:\/\/tjeerdgeerts.com\/es\/wp-json\/wp\/v2\/media?parent=2938"}],"curies":[{"name":"wp","href":"https:\/\/api.w.org\/{rel}","templated":true}]}}