{"id":2873,"date":"2021-10-23T17:41:30","date_gmt":"2021-10-23T17:41:30","guid":{"rendered":"https:\/\/tjeerdgeerts.com\/?page_id=2873"},"modified":"2021-11-14T20:04:00","modified_gmt":"2021-11-14T19:04:00","slug":"el-estado-hipnotico-2","status":"publish","type":"page","link":"https:\/\/tjeerdgeerts.com\/es\/el-estado-hipnotico-2\/","title":{"rendered":"El estado hipn\u00f3tico"},"content":{"rendered":"\t\t<div data-elementor-type=\"wp-page\" data-elementor-id=\"2873\" class=\"elementor elementor-2873 elementor-278\">\n\t\t\t\t\t\t<section class=\"elementor-section elementor-top-section elementor-element elementor-element-b66d000 elementor-section-boxed elementor-section-height-default elementor-section-height-default\" data-id=\"b66d000\" data-element_type=\"section\" data-e-type=\"section\">\n\t\t\t\t\t\t<div class=\"elementor-container elementor-column-gap-default\">\n\t\t\t\t\t<div class=\"elementor-column elementor-col-100 elementor-top-column elementor-element elementor-element-425bd1c\" data-id=\"425bd1c\" data-element_type=\"column\" data-e-type=\"column\">\n\t\t\t<div class=\"elementor-widget-wrap elementor-element-populated\">\n\t\t\t\t\t\t<div class=\"elementor-element elementor-element-7952cd1 elementor-widget elementor-widget-text-editor\" data-id=\"7952cd1\" data-element_type=\"widget\" data-e-type=\"widget\" data-widget_type=\"text-editor.default\">\n\t\t\t\t<div class=\"elementor-widget-container\">\n\t\t\t\t\t\t\t\t\t<p>El estado hipn\u00f3tico de la mente es un fen\u00f3meno completamente natural que ocurre en cada persona en varias ocasiones al d\u00eda. A menudo, ser referido como \u00abestar ausente\u00bb o \u00abso\u00f1ar despierto\u00bb son signos t\u00edpicos de una persona que entra en el estado hipn\u00f3tico o tambi\u00e9n llamado \u00abun estado de trance\u00bb. Adem\u00e1s, los momentos antes de conciliar el sue\u00f1o o despertar son estados hipn\u00f3ticos.<\/p><p>En estos estados, la mente gira hacia adentro y se siente tranquila, lo que hace que la mente subconsciente sea receptiva a sugerencias, ya sea de uno mismo o de alguien como hipnoterapeuta. Si hay un deseo de cambio y se confiar\u00e1 en la fuente y el contenido de las sugerencias, la mente inconsciente aceptar\u00e1 la sugerencia y se aplicar\u00e1 el cambio.<\/p><p>Tenga en cuenta que la persona que recibe el tratamiento siempre debe tener confianza en que estos cambios son beneficiosos y para su propio bien para poder aceptar la sugerencia. Al final, toda hipnosis es autohipnosis. Puedes compararlo con aprender a conducir un coche con un profesor, no sabes conducir el coche pero el profesor te dice qu\u00e9 hacer y el coche se mover\u00e1 y t\u00fa lo conducir\u00e1s en la direcci\u00f3n que \u00e9l indique a usted. Pero si \u00e9l te dijera que hagas algo que ser\u00eda malo para ti y te gusta chocar contra una pared, negar\u00e1s la sugerencia y no lo har\u00e1s.<\/p>\t\t\t\t\t\t\t\t<\/div>\n\t\t\t\t<\/div>\n\t\t\t\t\t<\/div>\n\t\t<\/div>\n\t\t\t\t\t<\/div>\n\t\t<\/section>\n\t\t\t\t<section class=\"elementor-section elementor-top-section elementor-element elementor-element-02eb593 elementor-section-stretched elementor-section-boxed elementor-section-height-default elementor-section-height-default\" data-id=\"02eb593\" data-element_type=\"section\" data-e-type=\"section\" data-settings=\"{&quot;stretch_section&quot;:&quot;section-stretched&quot;,&quot;background_background&quot;:&quot;classic&quot;}\">\n\t\t\t\t\t\t<div class=\"elementor-container elementor-column-gap-default\">\n\t\t\t\t\t<div class=\"elementor-column elementor-col-100 elementor-top-column elementor-element elementor-element-6eeca62\" data-id=\"6eeca62\" data-element_type=\"column\" data-e-type=\"column\">\n\t\t\t<div class=\"elementor-widget-wrap elementor-element-populated\">\n\t\t\t\t\t\t<div class=\"elementor-element elementor-element-90b4d3f elementor-widget elementor-widget-spacer\" data-id=\"90b4d3f\" data-element_type=\"widget\" data-e-type=\"widget\" data-widget_type=\"spacer.default\">\n\t\t\t\t<div class=\"elementor-widget-container\">\n\t\t\t\t\t\t\t<div class=\"elementor-spacer\">\n\t\t\t<div class=\"elementor-spacer-inner\"><\/div>\n\t\t<\/div>\n\t\t\t\t\t\t<\/div>\n\t\t\t\t<\/div>\n\t\t\t\t<div class=\"elementor-element elementor-element-9521188 elementor-widget elementor-widget-themo-call-to-action\" data-id=\"9521188\" data-element_type=\"widget\" data-e-type=\"widget\" data-widget_type=\"themo-call-to-action.default\">\n\t\t\t\t<div class=\"elementor-widget-container\">\n\t\t\t\t\t\t\t<div class=\"th-cta\">\n\t\t\t\n                        <div class=\"th-cta-btn\">\n\n                                    <a class=\"btn-1 btn th-btn btn-standard-light\" href=\"https:\/\/tjeerdgeerts.com\/nl\/\" target=\"_blank\">\n                                                    Volver al inicio                                            <\/a>\n                \n                            <\/div>\n            \t\t<\/div>\n\t\t\t\t\t\t<\/div>\n\t\t\t\t<\/div>\n\t\t\t\t<div class=\"elementor-element elementor-element-8b4736e elementor-widget elementor-widget-heading\" data-id=\"8b4736e\" data-element_type=\"widget\" data-e-type=\"widget\" data-widget_type=\"heading.default\">\n\t\t\t\t<div class=\"elementor-widget-container\">\n\t\t\t\t\t<h2 class=\"elementor-heading-title elementor-size-default\">\u00a1Decide hoy c\u00f3mo ser\u00e1 tu vida ma\u00f1ana!<\/h2>\t\t\t\t<\/div>\n\t\t\t\t<\/div>\n\t\t\t\t<div class=\"elementor-element elementor-element-7f099ac elementor-widget elementor-widget-text-editor\" data-id=\"7f099ac\" data-element_type=\"widget\" data-e-type=\"widget\" data-widget_type=\"text-editor.default\">\n\t\t\t\t<div class=\"elementor-widget-container\">\n\t\t\t\t\t\t\t\t\t<h5>Cambia tu pasado, tu presente y tu futuro con hipnoterapia<\/h5>\t\t\t\t\t\t\t\t<\/div>\n\t\t\t\t<\/div>\n\t\t\t\t<div class=\"elementor-element elementor-element-214aeda elementor-widget elementor-widget-themo-call-to-action\" data-id=\"214aeda\" data-element_type=\"widget\" data-e-type=\"widget\" data-widget_type=\"themo-call-to-action.default\">\n\t\t\t\t<div class=\"elementor-widget-container\">\n\t\t\t\t\t\t\t<div class=\"th-cta\">\n\t\t\t\n                        <div class=\"th-cta-btn\">\n\n                                    <a class=\"btn-1 btn th-btn btn-standard-light\" href=\"https:\/\/tjeerdgeerts.com\/nl\/boek-een-afspraak\/\" target=\"_blank\">\n                                                    Boek een gratis consult                                            <\/a>\n                \n                            <\/div>\n            \t\t<\/div>\n\t\t\t\t\t\t<\/div>\n\t\t\t\t<\/div>\n\t\t\t\t<div class=\"elementor-element elementor-element-39d21ec elementor-widget elementor-widget-spacer\" data-id=\"39d21ec\" data-element_type=\"widget\" data-e-type=\"widget\" data-widget_type=\"spacer.default\">\n\t\t\t\t<div class=\"elementor-widget-container\">\n\t\t\t\t\t\t\t<div class=\"elementor-spacer\">\n\t\t\t<div class=\"elementor-spacer-inner\"><\/div>\n\t\t<\/div>\n\t\t\t\t\t\t<\/div>\n\t\t\t\t<\/div>\n\t\t\t\t\t<\/div>\n\t\t<\/div>\n\t\t\t\t\t<\/div>\n\t\t<\/section>\n\t\t\t\t<\/div>\n\t\t","protected":false},"excerpt":{"rendered":"<p>El estado hipn\u00f3tico de la mente es un fen\u00f3meno completamente natural que ocurre en cada persona en varias ocasiones al d\u00eda. A menudo, ser referido como \u00abestar ausente\u00bb o \u00abso\u00f1ar despierto\u00bb son signos t\u00edpicos de una persona que entra en &hellip; <a href=\"https:\/\/tjeerdgeerts.com\/es\/el-estado-hipnotico-2\/\">Read More<\/a><\/p>\n","protected":false},"author":2,"featured_media":0,"parent":0,"menu_order":25,"comment_status":"closed","ping_status":"closed","template":"","meta":{"_joinchat":[],"footnotes":""},"class_list":["post-2873","page","type-page","status-publish","hentry"],"_links":{"self":[{"href":"https:\/\/tjeerdgeerts.com\/es\/wp-json\/wp\/v2\/pages\/2873","targetHints":{"allow":["GET"]}}],"collection":[{"href":"https:\/\/tjeerdgeerts.com\/es\/wp-json\/wp\/v2\/pages"}],"about":[{"href":"https:\/\/tjeerdgeerts.com\/es\/wp-json\/wp\/v2\/types\/page"}],"author":[{"embeddable":true,"href":"https:\/\/tjeerdgeerts.com\/es\/wp-json\/wp\/v2\/users\/2"}],"replies":[{"embeddable":true,"href":"https:\/\/tjeerdgeerts.com\/es\/wp-json\/wp\/v2\/comments?post=2873"}],"version-history":[{"count":4,"href":"https:\/\/tjeerdgeerts.com\/es\/wp-json\/wp\/v2\/pages\/2873\/revisions"}],"predecessor-version":[{"id":2877,"href":"https:\/\/tjeerdgeerts.com\/es\/wp-json\/wp\/v2\/pages\/2873\/revisions\/2877"}],"wp:attachment":[{"href":"https:\/\/tjeerdgeerts.com\/es\/wp-json\/wp\/v2\/media?parent=2873"}],"curies":[{"name":"wp","href":"https:\/\/api.w.org\/{rel}","templated":true}]}}