{"id":2848,"date":"2021-11-06T12:43:02","date_gmt":"2021-11-06T11:43:02","guid":{"rendered":"https:\/\/tjeerdgeerts.com\/?page_id=2848"},"modified":"2021-11-14T19:08:43","modified_gmt":"2021-11-14T18:08:43","slug":"miedos-y-fobias","status":"publish","type":"page","link":"https:\/\/tjeerdgeerts.com\/es\/miedos-y-fobias\/","title":{"rendered":"Miedos y fobias"},"content":{"rendered":"\t\t<div data-elementor-type=\"wp-page\" data-elementor-id=\"2848\" class=\"elementor elementor-2848 elementor-2713\">\n\t\t\t\t\t\t<section class=\"elementor-section elementor-top-section elementor-element elementor-element-f286933 elementor-section-boxed elementor-section-height-default elementor-section-height-default\" data-id=\"f286933\" data-element_type=\"section\" data-e-type=\"section\">\n\t\t\t\t\t\t<div class=\"elementor-container elementor-column-gap-default\">\n\t\t\t\t\t<div class=\"elementor-column elementor-col-100 elementor-top-column elementor-element elementor-element-8279c23\" data-id=\"8279c23\" data-element_type=\"column\" data-e-type=\"column\">\n\t\t\t<div class=\"elementor-widget-wrap elementor-element-populated\">\n\t\t\t\t\t\t<div class=\"elementor-element elementor-element-79de601 elementor-widget elementor-widget-image\" data-id=\"79de601\" data-element_type=\"widget\" data-e-type=\"widget\" data-widget_type=\"image.default\">\n\t\t\t\t<div class=\"elementor-widget-container\">\n\t\t\t\t\t\t\t\t\t\t\t\t\t\t\t<img fetchpriority=\"high\" decoding=\"async\" width=\"1024\" height=\"683\" src=\"https:\/\/tjeerdgeerts.com\/wp-content\/uploads\/2021\/11\/fear-1024x683.jpg\" class=\"attachment-large size-large wp-image-2715\" alt=\"\" srcset=\"https:\/\/tjeerdgeerts.com\/wp-content\/uploads\/2021\/11\/fear-1024x683.jpg 1024w, https:\/\/tjeerdgeerts.com\/wp-content\/uploads\/2021\/11\/fear-300x200.jpg 300w, https:\/\/tjeerdgeerts.com\/wp-content\/uploads\/2021\/11\/fear-768x512.jpg 768w, https:\/\/tjeerdgeerts.com\/wp-content\/uploads\/2021\/11\/fear-1536x1024.jpg 1536w, https:\/\/tjeerdgeerts.com\/wp-content\/uploads\/2021\/11\/fear-45x30.jpg 45w, https:\/\/tjeerdgeerts.com\/wp-content\/uploads\/2021\/11\/fear-120x80.jpg 120w, https:\/\/tjeerdgeerts.com\/wp-content\/uploads\/2021\/11\/fear-394x263.jpg 394w, https:\/\/tjeerdgeerts.com\/wp-content\/uploads\/2021\/11\/fear-915x610.jpg 915w, https:\/\/tjeerdgeerts.com\/wp-content\/uploads\/2021\/11\/fear-1240x827.jpg 1240w, https:\/\/tjeerdgeerts.com\/wp-content\/uploads\/2021\/11\/fear-1620x1080.jpg 1620w, https:\/\/tjeerdgeerts.com\/wp-content\/uploads\/2021\/11\/fear-600x400.jpg 600w, https:\/\/tjeerdgeerts.com\/wp-content\/uploads\/2021\/11\/fear.jpg 1920w\" sizes=\"(max-width: 1024px) 100vw, 1024px\" \/>\t\t\t\t\t\t\t\t\t\t\t\t\t\t\t<\/div>\n\t\t\t\t<\/div>\n\t\t\t\t\t<\/div>\n\t\t<\/div>\n\t\t\t\t\t<\/div>\n\t\t<\/section>\n\t\t\t\t<section class=\"elementor-section elementor-top-section elementor-element elementor-element-899fe59 elementor-section-boxed elementor-section-height-default elementor-section-height-default\" data-id=\"899fe59\" data-element_type=\"section\" data-e-type=\"section\">\n\t\t\t\t\t\t<div class=\"elementor-container elementor-column-gap-default\">\n\t\t\t\t\t<div class=\"elementor-column elementor-col-100 elementor-top-column elementor-element elementor-element-a0ddc42\" data-id=\"a0ddc42\" data-element_type=\"column\" data-e-type=\"column\">\n\t\t\t<div class=\"elementor-widget-wrap elementor-element-populated\">\n\t\t\t\t\t\t<div class=\"elementor-element elementor-element-8d39df4 elementor-widget elementor-widget-text-editor\" data-id=\"8d39df4\" data-element_type=\"widget\" data-e-type=\"widget\" data-widget_type=\"text-editor.default\">\n\t\t\t\t<div class=\"elementor-widget-container\">\n\t\t\t\t\t\t\t\t\t<p class=\"entry-title\">Miedos y fobias<\/p>\t\t\t\t\t\t\t\t<\/div>\n\t\t\t\t<\/div>\n\t\t\t\t<div class=\"elementor-element elementor-element-b7dad0d elementor-widget elementor-widget-text-editor\" data-id=\"b7dad0d\" data-element_type=\"widget\" data-e-type=\"widget\" data-widget_type=\"text-editor.default\">\n\t\t\t\t<div class=\"elementor-widget-container\">\n\t\t\t\t\t\t\t\t\t<p>El miedo es algo normal y nos protege de ser heridos o morir. Sin embargo, algunos eventos pueden suceder en la vida que har\u00e1n que la gente tema situaciones, personas o animales que no son peligrosos. Las personas con fobias incluso tendr\u00e1n una reacci\u00f3n f\u00edsica cuando se enfrenten a aquello a lo que temen.<\/p><p>La hipnoterapia puede ayudarlo a deshacerse de los miedos o fobias, que pueden ser bastante molestos o incluso comenzar a controlar o dominar su vida. Eliminar miedos o fobias normalmente llevar\u00e1 de 1 a 3 sesiones, dependiendo de la persona.<\/p>\t\t\t\t\t\t\t\t<\/div>\n\t\t\t\t<\/div>\n\t\t\t\t<div class=\"elementor-element elementor-element-f1990e5 elementor-widget elementor-widget-text-editor\" data-id=\"f1990e5\" data-element_type=\"widget\" data-e-type=\"widget\" data-widget_type=\"text-editor.default\">\n\t\t\t\t<div class=\"elementor-widget-container\">\n\t\t\t\t\t\t\t\t\t<p id=\"tw-target-text\" class=\"tw-data-text tw-text-large XcVN5d tw-ta\" dir=\"ltr\" data-placeholder=\"Translation\"><span class=\"Y2IQFc\" lang=\"en\">Hipnoterapeuta cl\u00ednico certificado y registrado<\/span><\/p>\t\t\t\t\t\t\t\t<\/div>\n\t\t\t\t<\/div>\n\t\t\t\t\t<\/div>\n\t\t<\/div>\n\t\t\t\t\t<\/div>\n\t\t<\/section>\n\t\t\t\t<section class=\"elementor-section elementor-top-section elementor-element elementor-element-54cd27a elementor-section-stretched elementor-section-boxed elementor-section-height-default elementor-section-height-default\" data-id=\"54cd27a\" data-element_type=\"section\" data-e-type=\"section\" data-settings=\"{&quot;stretch_section&quot;:&quot;section-stretched&quot;,&quot;background_background&quot;:&quot;classic&quot;}\">\n\t\t\t\t\t\t<div class=\"elementor-container elementor-column-gap-default\">\n\t\t\t\t\t<div class=\"elementor-column elementor-col-100 elementor-top-column elementor-element elementor-element-66f7c92\" data-id=\"66f7c92\" data-element_type=\"column\" data-e-type=\"column\">\n\t\t\t<div class=\"elementor-widget-wrap elementor-element-populated\">\n\t\t\t\t\t\t<div class=\"elementor-element elementor-element-61a982a elementor-widget elementor-widget-spacer\" data-id=\"61a982a\" data-element_type=\"widget\" data-e-type=\"widget\" data-widget_type=\"spacer.default\">\n\t\t\t\t<div class=\"elementor-widget-container\">\n\t\t\t\t\t\t\t<div class=\"elementor-spacer\">\n\t\t\t<div class=\"elementor-spacer-inner\"><\/div>\n\t\t<\/div>\n\t\t\t\t\t\t<\/div>\n\t\t\t\t<\/div>\n\t\t\t\t<div class=\"elementor-element elementor-element-3bbc9e7 elementor-widget elementor-widget-heading\" data-id=\"3bbc9e7\" data-element_type=\"widget\" data-e-type=\"widget\" data-widget_type=\"heading.default\">\n\t\t\t\t<div class=\"elementor-widget-container\">\n\t\t\t\t\t<h2 class=\"elementor-heading-title elementor-size-default\">Mejora tu vida hoy!\n<\/h2>\t\t\t\t<\/div>\n\t\t\t\t<\/div>\n\t\t\t\t<div class=\"elementor-element elementor-element-b4f737d elementor-widget elementor-widget-text-editor\" data-id=\"b4f737d\" data-element_type=\"widget\" data-e-type=\"widget\" data-widget_type=\"text-editor.default\">\n\t\t\t\t<div class=\"elementor-widget-container\">\n\t\t\t\t\t\t\t\t\t<h5>Liberarte de miedos y fobias<\/h5>\t\t\t\t\t\t\t\t<\/div>\n\t\t\t\t<\/div>\n\t\t\t\t<div class=\"elementor-element elementor-element-5caf53a elementor-widget elementor-widget-themo-call-to-action\" data-id=\"5caf53a\" data-element_type=\"widget\" data-e-type=\"widget\" data-widget_type=\"themo-call-to-action.default\">\n\t\t\t\t<div class=\"elementor-widget-container\">\n\t\t\t\t\t\t\t<div class=\"th-cta\">\n\t\t\t\n                        <div class=\"th-cta-btn\">\n\n                                    <a class=\"btn-1 btn th-btn btn-standard-light\" href=\"https:\/\/tjeerdgeerts.com\/book-an-appointment\/\" target=\"_blank\">\n                                                    Reservar una consulta gratuita                                            <\/a>\n                \n                            <\/div>\n            \t\t<\/div>\n\t\t\t\t\t\t<\/div>\n\t\t\t\t<\/div>\n\t\t\t\t<div class=\"elementor-element elementor-element-114ad1f elementor-widget elementor-widget-spacer\" data-id=\"114ad1f\" data-element_type=\"widget\" data-e-type=\"widget\" data-widget_type=\"spacer.default\">\n\t\t\t\t<div class=\"elementor-widget-container\">\n\t\t\t\t\t\t\t<div class=\"elementor-spacer\">\n\t\t\t<div class=\"elementor-spacer-inner\"><\/div>\n\t\t<\/div>\n\t\t\t\t\t\t<\/div>\n\t\t\t\t<\/div>\n\t\t\t\t\t<\/div>\n\t\t<\/div>\n\t\t\t\t\t<\/div>\n\t\t<\/section>\n\t\t\t\t<\/div>\n\t\t","protected":false},"excerpt":{"rendered":"<p>Miedos y fobias El miedo es algo normal y nos protege de ser heridos o morir. Sin embargo, algunos eventos pueden suceder en la vida que har\u00e1n que la gente tema situaciones, personas o animales que no son peligrosos. Las &hellip; <a href=\"https:\/\/tjeerdgeerts.com\/es\/miedos-y-fobias\/\">Read More<\/a><\/p>\n","protected":false},"author":2,"featured_media":0,"parent":0,"menu_order":30,"comment_status":"closed","ping_status":"closed","template":"","meta":{"_joinchat":[],"footnotes":""},"class_list":["post-2848","page","type-page","status-publish","hentry"],"_links":{"self":[{"href":"https:\/\/tjeerdgeerts.com\/es\/wp-json\/wp\/v2\/pages\/2848","targetHints":{"allow":["GET"]}}],"collection":[{"href":"https:\/\/tjeerdgeerts.com\/es\/wp-json\/wp\/v2\/pages"}],"about":[{"href":"https:\/\/tjeerdgeerts.com\/es\/wp-json\/wp\/v2\/types\/page"}],"author":[{"embeddable":true,"href":"https:\/\/tjeerdgeerts.com\/es\/wp-json\/wp\/v2\/users\/2"}],"replies":[{"embeddable":true,"href":"https:\/\/tjeerdgeerts.com\/es\/wp-json\/wp\/v2\/comments?post=2848"}],"version-history":[{"count":10,"href":"https:\/\/tjeerdgeerts.com\/es\/wp-json\/wp\/v2\/pages\/2848\/revisions"}],"predecessor-version":[{"id":2858,"href":"https:\/\/tjeerdgeerts.com\/es\/wp-json\/wp\/v2\/pages\/2848\/revisions\/2858"}],"wp:attachment":[{"href":"https:\/\/tjeerdgeerts.com\/es\/wp-json\/wp\/v2\/media?parent=2848"}],"curies":[{"name":"wp","href":"https:\/\/api.w.org\/{rel}","templated":true}]}}