{"id":2321,"date":"2021-10-23T17:59:03","date_gmt":"2021-10-23T17:59:03","guid":{"rendered":"https:\/\/tjeerdgeerts.com\/?page_id=297"},"modified":"2021-11-02T10:36:39","modified_gmt":"2021-11-02T10:36:39","slug":"que-es-la-hipnoterapia","status":"publish","type":"page","link":"https:\/\/tjeerdgeerts.com\/es\/que-es-la-hipnoterapia\/","title":{"rendered":"\u00bfQu\u00e9 es la hipnoterapia?"},"content":{"rendered":"\t\t<div data-elementor-type=\"wp-page\" data-elementor-id=\"2321\" class=\"elementor elementor-2321 elementor-297\">\n\t\t\t\t\t\t<section class=\"elementor-section elementor-top-section elementor-element elementor-element-410817d5 elementor-section-boxed elementor-section-height-default elementor-section-height-default\" data-id=\"410817d5\" data-element_type=\"section\" data-e-type=\"section\">\n\t\t\t\t\t\t<div class=\"elementor-container elementor-column-gap-default\">\n\t\t\t\t\t<div class=\"elementor-column elementor-col-100 elementor-top-column elementor-element elementor-element-6d8bf66d\" data-id=\"6d8bf66d\" data-element_type=\"column\" data-e-type=\"column\">\n\t\t\t<div class=\"elementor-widget-wrap elementor-element-populated\">\n\t\t\t\t\t\t<div class=\"elementor-element elementor-element-676e27c8 elementor-widget elementor-widget-text-editor\" data-id=\"676e27c8\" data-element_type=\"widget\" data-e-type=\"widget\" data-widget_type=\"text-editor.default\">\n\t\t\t\t<div class=\"elementor-widget-container\">\n\t\t\t\t\t\t\t\t\t<p>Un hipnoterapeuta ayudar\u00e1 a sus clientes a entrar en un estado hipn\u00f3tico o estado de trance. Durante este estado, el cliente es sensible a las sugerencias positivas que pueden ayudar a cambiar el comportamiento no deseado, los h\u00e1bitos o los recuerdos perturbadores. Las sugerencias positivas que se dan a las personas mientras est\u00e1n hipnotizadas se conocen como \u00absugerencias post hipn\u00f3ticas\u00bb porque est\u00e1n destinadas a surtan efecto despu\u00e9s de que la persona salga del trance y ya no est\u00e9 bajo hipnosis. La hipnosis ha existido desde hace alg\u00fan tiempo y es la principal conocida por los hipnotizadores de escenario por el p\u00fablico en general. Aunque se basa en los mismos principios, existe una diferencia entre el hipnotismo esc\u00e9ntico y la hipnoterapia cl\u00ednica. El hipnotismo esc\u00e9nico se utiliza para el entretenimiento, para que las personas se lo pasaran bien, mientras que la hipnoterapia cl\u00ednica puede ayudar a las personas a cambiar su comportamiento o a deshacerse de una gran variedad de problemas. La hipnoterapia cl\u00ednica es ahora reconocida mundialmente como un tratamiento v\u00e1lido por la comunidad cient\u00edfica mundial, ver las notas al pie 1,2 y 3 para las fuentes y en este momento est\u00e1 siendo utilizado como tratamiento completo o sustancial por profesionales de la salud en varios pa\u00edses. La hipnoterapia puede ser \u00fatil para muchos problemas comunes y poco comunes como adicciones, trastornos alimentarios, estr\u00e9s y ansiedad, comportamiento no deseado, experiencias traum\u00e1ticas, baja autoestima. La lista es muy larga y el tratamiento cubre muchos problemas. Si desea saber si la hipnoterapia funciona para usted, p\u00f3ngase en contacto conmigo por WhatsApp haciendo clic en el bot\u00f3n de abajo, o agregando mi n\u00famero en su tel\u00e9fono: <a href=\"callto: +34688883183\">+34 688883183<\/a> o enviando un correo electr\u00f3nico a <a href=\"mailto:Tjeerd.geerts@gmail.com\">tjeerd.geerts@gmail.com.<\/a><\/p><ul><li>\u00bfEs real la hipnosis? https:\/\/time.com\/5380312\/is-hypnosis-real-science\/ de <a href=\"https:\/\/time.com\/5380312\/is-hypnosis-real-science\/\">la<\/a> revista Time<\/li><li><a href=\"https:\/\/www.ncbi.nlm.nih.gov\/pmc\/articles\/PMC4873672\/\">https:\/\/www.ncbi.nlm.nih.gov\/pmc\/articles\/PMC4873672\/<\/a> de papel m\u00e9dico alem\u00e1n<\/li><li>La ciencia de la hipnosis National Geographic <a href=\"https:\/\/blog.nationalgeographic.org\/2013\/06\/24\/the-science-of-hypnosis\/\">https:\/\/blog.nationalgeographic.org\/2013\/06\/24\/the-science-of-hypnosis\/<\/a><\/li><\/ul><p>\u00a0<\/p>\t\t\t\t\t\t\t\t<\/div>\n\t\t\t\t<\/div>\n\t\t\t\t<div class=\"elementor-element elementor-element-5de3d7d elementor-widget elementor-widget-themo-call-to-action\" data-id=\"5de3d7d\" data-element_type=\"widget\" data-e-type=\"widget\" data-widget_type=\"themo-call-to-action.default\">\n\t\t\t\t<div class=\"elementor-widget-container\">\n\t\t\t\t\t\t\t<div class=\"th-cta\">\n\t\t\t\n                        <div class=\"th-cta-btn\">\n\n                                    <a class=\"btn-1 btn th-btn btn-standard-light\" href=\"https:\/\/tjeerdgeerts.com\/es\/inicio\/\" target=\"_blank\">\n                                                    Volver a la p\u00e1gina de inicio                                            <\/a>\n                \n                            <\/div>\n            \t\t<\/div>\n\t\t\t\t\t\t<\/div>\n\t\t\t\t<\/div>\n\t\t\t\t\t<\/div>\n\t\t<\/div>\n\t\t\t\t\t<\/div>\n\t\t<\/section>\n\t\t\t\t<section class=\"elementor-section elementor-top-section elementor-element elementor-element-1b8b81a elementor-section-stretched elementor-section-boxed elementor-section-height-default elementor-section-height-default\" data-id=\"1b8b81a\" data-element_type=\"section\" data-e-type=\"section\" data-settings=\"{&quot;stretch_section&quot;:&quot;section-stretched&quot;,&quot;background_background&quot;:&quot;classic&quot;}\">\n\t\t\t\t\t\t<div class=\"elementor-container elementor-column-gap-default\">\n\t\t\t\t\t<div class=\"elementor-column elementor-col-100 elementor-top-column elementor-element elementor-element-7a7ac37\" data-id=\"7a7ac37\" data-element_type=\"column\" data-e-type=\"column\">\n\t\t\t<div class=\"elementor-widget-wrap elementor-element-populated\">\n\t\t\t\t\t\t<div class=\"elementor-element elementor-element-ebd1af1 elementor-widget elementor-widget-spacer\" data-id=\"ebd1af1\" data-element_type=\"widget\" data-e-type=\"widget\" data-widget_type=\"spacer.default\">\n\t\t\t\t<div class=\"elementor-widget-container\">\n\t\t\t\t\t\t\t<div class=\"elementor-spacer\">\n\t\t\t<div class=\"elementor-spacer-inner\"><\/div>\n\t\t<\/div>\n\t\t\t\t\t\t<\/div>\n\t\t\t\t<\/div>\n\t\t\t\t<div class=\"elementor-element elementor-element-41cbcda elementor-widget elementor-widget-heading\" data-id=\"41cbcda\" data-element_type=\"widget\" data-e-type=\"widget\" data-widget_type=\"heading.default\">\n\t\t\t\t<div class=\"elementor-widget-container\">\n\t\t\t\t\t<h2 class=\"elementor-heading-title elementor-size-default\">Mejora tu vida. \u00a1Hoy!<\/h2>\t\t\t\t<\/div>\n\t\t\t\t<\/div>\n\t\t\t\t<div class=\"elementor-element elementor-element-9abc906 elementor-widget elementor-widget-text-editor\" data-id=\"9abc906\" data-element_type=\"widget\" data-e-type=\"widget\" data-widget_type=\"text-editor.default\">\n\t\t\t\t<div class=\"elementor-widget-container\">\n\t\t\t\t\t\t\t\t\t\u00a1Descubra el poder instant\u00e1neo de la hipnoterapia para curar adicciones, fobias y cualquier problema personal y comercial!\t\t\t\t\t\t\t\t<\/div>\n\t\t\t\t<\/div>\n\t\t\t\t<div class=\"elementor-element elementor-element-16b53b9 elementor-widget elementor-widget-themo-call-to-action\" data-id=\"16b53b9\" data-element_type=\"widget\" data-e-type=\"widget\" data-widget_type=\"themo-call-to-action.default\">\n\t\t\t\t<div class=\"elementor-widget-container\">\n\t\t\t\t\t\t\t<div class=\"th-cta\">\n\t\t\t\n                        <div class=\"th-cta-btn\">\n\n                                    <a class=\"btn-1 btn th-btn btn-standard-light\" href=\"https:\/\/tjeerdgeerts.com\/es\/libro-una-cita\/\" target=\"_blank\">\n                                                    Reserve una cita                                            <\/a>\n                \n                            <\/div>\n            \t\t<\/div>\n\t\t\t\t\t\t<\/div>\n\t\t\t\t<\/div>\n\t\t\t\t<div class=\"elementor-element elementor-element-bde8586 elementor-widget elementor-widget-spacer\" data-id=\"bde8586\" data-element_type=\"widget\" data-e-type=\"widget\" data-widget_type=\"spacer.default\">\n\t\t\t\t<div class=\"elementor-widget-container\">\n\t\t\t\t\t\t\t<div class=\"elementor-spacer\">\n\t\t\t<div class=\"elementor-spacer-inner\"><\/div>\n\t\t<\/div>\n\t\t\t\t\t\t<\/div>\n\t\t\t\t<\/div>\n\t\t\t\t\t<\/div>\n\t\t<\/div>\n\t\t\t\t\t<\/div>\n\t\t<\/section>\n\t\t\t\t<\/div>\n\t\t","protected":false},"excerpt":{"rendered":"<p>Un hipnoterapeuta ayudar\u00e1 a sus clientes a entrar en un estado hipn\u00f3tico o estado de trance. Durante este estado, el cliente es sensible a las sugerencias positivas que pueden ayudar a cambiar el comportamiento no deseado, los h\u00e1bitos o los &hellip; <a href=\"https:\/\/tjeerdgeerts.com\/es\/que-es-la-hipnoterapia\/\">Read More<\/a><\/p>\n","protected":false},"author":2,"featured_media":0,"parent":0,"menu_order":31,"comment_status":"closed","ping_status":"closed","template":"","meta":{"_joinchat":[],"footnotes":""},"class_list":["post-2321","page","type-page","status-publish","hentry"],"_links":{"self":[{"href":"https:\/\/tjeerdgeerts.com\/es\/wp-json\/wp\/v2\/pages\/2321","targetHints":{"allow":["GET"]}}],"collection":[{"href":"https:\/\/tjeerdgeerts.com\/es\/wp-json\/wp\/v2\/pages"}],"about":[{"href":"https:\/\/tjeerdgeerts.com\/es\/wp-json\/wp\/v2\/types\/page"}],"author":[{"embeddable":true,"href":"https:\/\/tjeerdgeerts.com\/es\/wp-json\/wp\/v2\/users\/2"}],"replies":[{"embeddable":true,"href":"https:\/\/tjeerdgeerts.com\/es\/wp-json\/wp\/v2\/comments?post=2321"}],"version-history":[{"count":6,"href":"https:\/\/tjeerdgeerts.com\/es\/wp-json\/wp\/v2\/pages\/2321\/revisions"}],"predecessor-version":[{"id":2594,"href":"https:\/\/tjeerdgeerts.com\/es\/wp-json\/wp\/v2\/pages\/2321\/revisions\/2594"}],"wp:attachment":[{"href":"https:\/\/tjeerdgeerts.com\/es\/wp-json\/wp\/v2\/media?parent=2321"}],"curies":[{"name":"wp","href":"https:\/\/api.w.org\/{rel}","templated":true}]}}