{"id":2282,"date":"2021-10-23T17:46:42","date_gmt":"2021-10-23T17:46:42","guid":{"rendered":"https:\/\/tjeerdgeerts.com\/?page_id=286"},"modified":"2021-11-02T10:36:38","modified_gmt":"2021-11-02T10:36:38","slug":"terapia-entrega","status":"publish","type":"page","link":"https:\/\/tjeerdgeerts.com\/es\/terapia-entrega\/","title":{"rendered":"Entrega de terapia"},"content":{"rendered":"\t\t<div data-elementor-type=\"wp-page\" data-elementor-id=\"2282\" class=\"elementor elementor-2282 elementor-286\">\n\t\t\t\t\t\t<section class=\"elementor-section elementor-top-section elementor-element elementor-element-2b6880d3 elementor-section-boxed elementor-section-height-default elementor-section-height-default\" data-id=\"2b6880d3\" data-element_type=\"section\" data-e-type=\"section\">\n\t\t\t\t\t\t<div class=\"elementor-container elementor-column-gap-default\">\n\t\t\t\t\t<div class=\"elementor-column elementor-col-100 elementor-top-column elementor-element elementor-element-3be5eef6\" data-id=\"3be5eef6\" data-element_type=\"column\" data-e-type=\"column\">\n\t\t\t<div class=\"elementor-widget-wrap elementor-element-populated\">\n\t\t\t\t\t\t<div class=\"elementor-element elementor-element-6d644615 elementor-widget elementor-widget-text-editor\" data-id=\"6d644615\" data-element_type=\"widget\" data-e-type=\"widget\" data-widget_type=\"text-editor.default\">\n\t\t\t\t<div class=\"elementor-widget-container\">\n\t\t\t\t\t\t\t\t\t<p>La hipnoterapia se puede impartir en persona en mi consultorio o centro de tratamiento cerca de usted si vive en la Costa Blanca o en l\u00ednea con una variedad de herramientas como Zoom, Skype, Facebook Messenger o Microsoft Teams. La administraci\u00f3n de hipnoterapia a trav\u00e9s de estos medios ha demostrado ser tan eficaz como el tratamiento presencial. Para algunas personas, es a\u00fan m\u00e1s efectivo porque est\u00e1n en su propio entorno, confiables y c\u00f3modos. Necesitas una buena conexi\u00f3n a internet por 4G, WIFI o fibra y tambi\u00e9n un ordenador, port\u00e1til, tablet o tel\u00e9fono m\u00f3vil con c\u00e1mara de trabajo. Tambi\u00e9n un par de auriculares con micr\u00f3fono incorporado o un micr\u00f3fono y auriculares separados para computadora o computadora port\u00e1til. Si no est\u00e1 familiarizado con la tecnolog\u00eda, puede pedirle a un familiar o amigo que lo ayude a establecer la conexi\u00f3n. El pago de la sesi\u00f3n en l\u00ednea debe realizarse antes de que comience la sesi\u00f3n mediante tarjeta de cr\u00e9dito o transferencia bancaria. Organizaremos estos detalles durante la primera sesi\u00f3n pagada. Para cualquier duda, no dudes en ponerte en contacto conmigo en mi m\u00f3vil espa\u00f1ol: +34 688883183 llamando o por WhatsApp o simplemente pinchando en el bot\u00f3n de WhatsApp en el lado izquierdo de la pantalla. Para un tratamiento personal puedes acudir a uno de los centros m\u00e9dicos en los que trabajo. Para reservar una consulta gratuita, p\u00f3ngase en contacto conmigo o utilice el calendario de reservas en el sitio web.<\/p>\t\t\t\t\t\t\t\t<\/div>\n\t\t\t\t<\/div>\n\t\t\t\t\t<\/div>\n\t\t<\/div>\n\t\t\t\t\t<\/div>\n\t\t<\/section>\n\t\t\t\t<section class=\"elementor-section elementor-top-section elementor-element elementor-element-645f484 elementor-section-boxed elementor-section-height-default elementor-section-height-default\" data-id=\"645f484\" data-element_type=\"section\" data-e-type=\"section\">\n\t\t\t\t\t\t<div class=\"elementor-container elementor-column-gap-default\">\n\t\t\t\t\t<div class=\"elementor-column elementor-col-100 elementor-top-column elementor-element elementor-element-fa06f80\" data-id=\"fa06f80\" data-element_type=\"column\" data-e-type=\"column\">\n\t\t\t<div class=\"elementor-widget-wrap elementor-element-populated\">\n\t\t\t\t\t\t<div class=\"elementor-element elementor-element-12f739c elementor-widget elementor-widget-themo-call-to-action\" data-id=\"12f739c\" data-element_type=\"widget\" data-e-type=\"widget\" data-widget_type=\"themo-call-to-action.default\">\n\t\t\t\t<div class=\"elementor-widget-container\">\n\t\t\t\t\t\t\t<div class=\"th-cta\">\n\t\t\t\n                        <div class=\"th-cta-btn\">\n\n                                    <a class=\"btn-1 btn th-btn btn-standard-light\" href=\"https:\/\/tjeerdgeerts.com\/es\/inicio\/\" target=\"_blank\">\n                                                    Volver a la p\u00e1gina de inicio                                            <\/a>\n                \n                            <\/div>\n            \t\t<\/div>\n\t\t\t\t\t\t<\/div>\n\t\t\t\t<\/div>\n\t\t\t\t\t<\/div>\n\t\t<\/div>\n\t\t\t\t\t<\/div>\n\t\t<\/section>\n\t\t\t\t<section class=\"elementor-section elementor-top-section elementor-element elementor-element-edf4797 elementor-section-stretched elementor-section-boxed elementor-section-height-default elementor-section-height-default\" data-id=\"edf4797\" data-element_type=\"section\" data-e-type=\"section\" data-settings=\"{&quot;stretch_section&quot;:&quot;section-stretched&quot;,&quot;background_background&quot;:&quot;classic&quot;}\">\n\t\t\t\t\t\t<div class=\"elementor-container elementor-column-gap-default\">\n\t\t\t\t\t<div class=\"elementor-column elementor-col-100 elementor-top-column elementor-element elementor-element-6f438d9\" data-id=\"6f438d9\" data-element_type=\"column\" data-e-type=\"column\">\n\t\t\t<div class=\"elementor-widget-wrap elementor-element-populated\">\n\t\t\t\t\t\t<div class=\"elementor-element elementor-element-7a894ff elementor-widget elementor-widget-spacer\" data-id=\"7a894ff\" data-element_type=\"widget\" data-e-type=\"widget\" data-widget_type=\"spacer.default\">\n\t\t\t\t<div class=\"elementor-widget-container\">\n\t\t\t\t\t\t\t<div class=\"elementor-spacer\">\n\t\t\t<div class=\"elementor-spacer-inner\"><\/div>\n\t\t<\/div>\n\t\t\t\t\t\t<\/div>\n\t\t\t\t<\/div>\n\t\t\t\t<div class=\"elementor-element elementor-element-087ce83 elementor-widget elementor-widget-heading\" data-id=\"087ce83\" data-element_type=\"widget\" data-e-type=\"widget\" data-widget_type=\"heading.default\">\n\t\t\t\t<div class=\"elementor-widget-container\">\n\t\t\t\t\t<h2 class=\"elementor-heading-title elementor-size-default\">\u00a1Decide hoy c\u00f3mo ser\u00e1 tu vida ma\u00f1ana!<\/h2>\t\t\t\t<\/div>\n\t\t\t\t<\/div>\n\t\t\t\t<div class=\"elementor-element elementor-element-aae735b elementor-widget elementor-widget-text-editor\" data-id=\"aae735b\" data-element_type=\"widget\" data-e-type=\"widget\" data-widget_type=\"text-editor.default\">\n\t\t\t\t<div class=\"elementor-widget-container\">\n\t\t\t\t\t\t\t\t\t<div class=\"service-cta_desc\">Desh\u00e1gase de cualquier tipo de adicci\u00f3n, lib\u00e9yese de la carga de la adicci\u00f3n<\/div>\t\t\t\t\t\t\t\t<\/div>\n\t\t\t\t<\/div>\n\t\t\t\t<div class=\"elementor-element elementor-element-d80ddaf elementor-widget elementor-widget-themo-call-to-action\" data-id=\"d80ddaf\" data-element_type=\"widget\" data-e-type=\"widget\" data-widget_type=\"themo-call-to-action.default\">\n\t\t\t\t<div class=\"elementor-widget-container\">\n\t\t\t\t\t\t\t<div class=\"th-cta\">\n\t\t\t\n                        <div class=\"th-cta-btn\">\n\n                                    <a class=\"btn-1 btn th-btn btn-standard-light\" href=\"https:\/\/tjeerdgeerts.com\/es\/libro-una-cita\/\" target=\"_blank\">\n                                                    Reserve una cita                                            <\/a>\n                \n                            <\/div>\n            \t\t<\/div>\n\t\t\t\t\t\t<\/div>\n\t\t\t\t<\/div>\n\t\t\t\t<div class=\"elementor-element elementor-element-9fc651d elementor-widget elementor-widget-spacer\" data-id=\"9fc651d\" data-element_type=\"widget\" data-e-type=\"widget\" data-widget_type=\"spacer.default\">\n\t\t\t\t<div class=\"elementor-widget-container\">\n\t\t\t\t\t\t\t<div class=\"elementor-spacer\">\n\t\t\t<div class=\"elementor-spacer-inner\"><\/div>\n\t\t<\/div>\n\t\t\t\t\t\t<\/div>\n\t\t\t\t<\/div>\n\t\t\t\t\t<\/div>\n\t\t<\/div>\n\t\t\t\t\t<\/div>\n\t\t<\/section>\n\t\t\t\t<\/div>\n\t\t","protected":false},"excerpt":{"rendered":"<p>La hipnoterapia se puede impartir en persona en mi consultorio o centro de tratamiento cerca de usted si vive en la Costa Blanca o en l\u00ednea con una variedad de herramientas como Zoom, Skype, Facebook Messenger o Microsoft Teams. La &hellip; <a href=\"https:\/\/tjeerdgeerts.com\/es\/terapia-entrega\/\">Read More<\/a><\/p>\n","protected":false},"author":2,"featured_media":0,"parent":0,"menu_order":28,"comment_status":"closed","ping_status":"closed","template":"","meta":{"_joinchat":[],"footnotes":""},"class_list":["post-2282","page","type-page","status-publish","hentry"],"_links":{"self":[{"href":"https:\/\/tjeerdgeerts.com\/es\/wp-json\/wp\/v2\/pages\/2282","targetHints":{"allow":["GET"]}}],"collection":[{"href":"https:\/\/tjeerdgeerts.com\/es\/wp-json\/wp\/v2\/pages"}],"about":[{"href":"https:\/\/tjeerdgeerts.com\/es\/wp-json\/wp\/v2\/types\/page"}],"author":[{"embeddable":true,"href":"https:\/\/tjeerdgeerts.com\/es\/wp-json\/wp\/v2\/users\/2"}],"replies":[{"embeddable":true,"href":"https:\/\/tjeerdgeerts.com\/es\/wp-json\/wp\/v2\/comments?post=2282"}],"version-history":[{"count":12,"href":"https:\/\/tjeerdgeerts.com\/es\/wp-json\/wp\/v2\/pages\/2282\/revisions"}],"predecessor-version":[{"id":2585,"href":"https:\/\/tjeerdgeerts.com\/es\/wp-json\/wp\/v2\/pages\/2282\/revisions\/2585"}],"wp:attachment":[{"href":"https:\/\/tjeerdgeerts.com\/es\/wp-json\/wp\/v2\/media?parent=2282"}],"curies":[{"name":"wp","href":"https:\/\/api.w.org\/{rel}","templated":true}]}}