{"id":2218,"date":"2021-10-23T17:32:00","date_gmt":"2021-10-23T17:32:00","guid":{"rendered":"https:\/\/tjeerdgeerts.com\/?page_id=261"},"modified":"2021-11-02T10:36:38","modified_gmt":"2021-11-02T10:36:38","slug":"estres-y-ansiedad","status":"publish","type":"page","link":"https:\/\/tjeerdgeerts.com\/es\/estres-y-ansiedad\/","title":{"rendered":"Estr\u00e9s y ansiedad"},"content":{"rendered":"\t\t<div data-elementor-type=\"wp-page\" data-elementor-id=\"2218\" class=\"elementor elementor-2218 elementor-261\">\n\t\t\t\t\t\t<section class=\"elementor-section elementor-top-section elementor-element elementor-element-10f0c411 elementor-section-boxed elementor-section-height-default elementor-section-height-default\" data-id=\"10f0c411\" data-element_type=\"section\" data-e-type=\"section\">\n\t\t\t\t\t\t<div class=\"elementor-container elementor-column-gap-default\">\n\t\t\t\t\t<div class=\"elementor-column elementor-col-100 elementor-top-column elementor-element elementor-element-4fa6ed99\" data-id=\"4fa6ed99\" data-element_type=\"column\" data-e-type=\"column\">\n\t\t\t<div class=\"elementor-widget-wrap elementor-element-populated\">\n\t\t\t\t\t\t<div class=\"elementor-element elementor-element-764d6a15 elementor-widget elementor-widget-text-editor\" data-id=\"764d6a15\" data-element_type=\"widget\" data-e-type=\"widget\" data-widget_type=\"text-editor.default\">\n\t\t\t\t<div class=\"elementor-widget-container\">\n\t\t\t\t\t\t\t\t\t<p><img fetchpriority=\"high\" decoding=\"async\" src=\"https:\/\/tjeerdgeerts.com\/wp-content\/uploads\/2021\/10\/service-3-1920x1080-2-1024x576.jpg\" sizes=\"(max-width: 1024px) 100vw, 1024px\" srcset=\"https:\/\/tjeerdgeerts.com\/wp-content\/uploads\/2021\/10\/service-3-1920x1080-2-1024x576.jpg 1024w, https:\/\/tjeerdgeerts.com\/wp-content\/uploads\/2021\/10\/service-3-1920x1080-2-600x338.jpg 600w, https:\/\/tjeerdgeerts.com\/wp-content\/uploads\/2021\/10\/service-3-1920x1080-2-300x169.jpg 300w, https:\/\/tjeerdgeerts.com\/wp-content\/uploads\/2021\/10\/service-3-1920x1080-2-768x432.jpg 768w, https:\/\/tjeerdgeerts.com\/wp-content\/uploads\/2021\/10\/service-3-1920x1080-2-1536x864.jpg 1536w, https:\/\/tjeerdgeerts.com\/wp-content\/uploads\/2021\/10\/service-3-1920x1080-2-53x30.jpg 53w, https:\/\/tjeerdgeerts.com\/wp-content\/uploads\/2021\/10\/service-3-1920x1080-2-142x80.jpg 142w, https:\/\/tjeerdgeerts.com\/wp-content\/uploads\/2021\/10\/service-3-1920x1080-2-394x222.jpg 394w, https:\/\/tjeerdgeerts.com\/wp-content\/uploads\/2021\/10\/service-3-1920x1080-2-915x515.jpg 915w, https:\/\/tjeerdgeerts.com\/wp-content\/uploads\/2021\/10\/service-3-1920x1080-2-1240x698.jpg 1240w, https:\/\/tjeerdgeerts.com\/wp-content\/uploads\/2021\/10\/service-3-1920x1080-2.jpg 1920w\" alt=\"\" width=\"1024\" height=\"576\" \/><\/p>\n<p>Conocida por ser incre\u00edblemente eficiente cuando se hace bien, la hipnoterapia en su conjunto se puede aplicar para curar una gama real de enfermedades, adicciones, fobias y problemas emocionales similares que uno pueda tener.<\/p>\n<p>Pero especialmente cuando se trata de adicciones como el alcoholismo, la adicci\u00f3n al sexo o las drogas, se ha demostrado que es m\u00e1s efectivo y mucho m\u00e1s r\u00e1pido que sus rehabilitaciones y psic\u00f3logos convencionales regulares.<\/p>\t\t\t\t\t\t\t\t<\/div>\n\t\t\t\t<\/div>\n\t\t\t\t\t<\/div>\n\t\t<\/div>\n\t\t\t\t\t<\/div>\n\t\t<\/section>\n\t\t\t\t<section class=\"elementor-section elementor-top-section elementor-element elementor-element-439c976 elementor-section-stretched elementor-section-boxed elementor-section-height-default elementor-section-height-default\" data-id=\"439c976\" data-element_type=\"section\" data-e-type=\"section\" data-settings=\"{&quot;stretch_section&quot;:&quot;section-stretched&quot;,&quot;background_background&quot;:&quot;classic&quot;}\">\n\t\t\t\t\t\t<div class=\"elementor-container elementor-column-gap-default\">\n\t\t\t\t\t<div class=\"elementor-column elementor-col-100 elementor-top-column elementor-element elementor-element-ea71883\" data-id=\"ea71883\" data-element_type=\"column\" data-e-type=\"column\">\n\t\t\t<div class=\"elementor-widget-wrap elementor-element-populated\">\n\t\t\t\t\t\t<div class=\"elementor-element elementor-element-08fb834 elementor-widget elementor-widget-spacer\" data-id=\"08fb834\" data-element_type=\"widget\" data-e-type=\"widget\" data-widget_type=\"spacer.default\">\n\t\t\t\t<div class=\"elementor-widget-container\">\n\t\t\t\t\t\t\t<div class=\"elementor-spacer\">\n\t\t\t<div class=\"elementor-spacer-inner\"><\/div>\n\t\t<\/div>\n\t\t\t\t\t\t<\/div>\n\t\t\t\t<\/div>\n\t\t\t\t<div class=\"elementor-element elementor-element-be5cf4b elementor-widget elementor-widget-heading\" data-id=\"be5cf4b\" data-element_type=\"widget\" data-e-type=\"widget\" data-widget_type=\"heading.default\">\n\t\t\t\t<div class=\"elementor-widget-container\">\n\t\t\t\t\t<h2 class=\"elementor-heading-title elementor-size-default\">Mejora tu vida. \u00a1Hoy!<\/h2>\t\t\t\t<\/div>\n\t\t\t\t<\/div>\n\t\t\t\t<div class=\"elementor-element elementor-element-6485d5a elementor-widget elementor-widget-text-editor\" data-id=\"6485d5a\" data-element_type=\"widget\" data-e-type=\"widget\" data-widget_type=\"text-editor.default\">\n\t\t\t\t<div class=\"elementor-widget-container\">\n\t\t\t\t\t\t\t\t\t<div class=\"service-cta_desc\">\n<p class=\"has-text-align-center\">\u00a1Descubra el poder instant\u00e1neo de la hipnoterapia para curar adicciones, fobias y cualquier problema personal y comercial!<\/p>\n<\/div>\t\t\t\t\t\t\t\t<\/div>\n\t\t\t\t<\/div>\n\t\t\t\t<div class=\"elementor-element elementor-element-6f099b6 elementor-widget elementor-widget-themo-call-to-action\" data-id=\"6f099b6\" data-element_type=\"widget\" data-e-type=\"widget\" data-widget_type=\"themo-call-to-action.default\">\n\t\t\t\t<div class=\"elementor-widget-container\">\n\t\t\t\t\t\t\t<div class=\"th-cta\">\n\t\t\t\n                        <div class=\"th-cta-btn\">\n\n                                    <a class=\"btn-1 btn th-btn btn-standard-light\" href=\"https:\/\/tjeerdgeerts.com\/es\/inicio\/\" target=\"_blank\">\n                                                    Reserve una cita                                            <\/a>\n                \n                            <\/div>\n            \t\t<\/div>\n\t\t\t\t\t\t<\/div>\n\t\t\t\t<\/div>\n\t\t\t\t<div class=\"elementor-element elementor-element-6444d2d elementor-widget elementor-widget-spacer\" data-id=\"6444d2d\" data-element_type=\"widget\" data-e-type=\"widget\" data-widget_type=\"spacer.default\">\n\t\t\t\t<div class=\"elementor-widget-container\">\n\t\t\t\t\t\t\t<div class=\"elementor-spacer\">\n\t\t\t<div class=\"elementor-spacer-inner\"><\/div>\n\t\t<\/div>\n\t\t\t\t\t\t<\/div>\n\t\t\t\t<\/div>\n\t\t\t\t\t<\/div>\n\t\t<\/div>\n\t\t\t\t\t<\/div>\n\t\t<\/section>\n\t\t\t\t<\/div>\n\t\t","protected":false},"excerpt":{"rendered":"<p>Conocida por ser incre\u00edblemente eficiente cuando se hace bien, la hipnoterapia en su conjunto se puede aplicar para curar una gama real de enfermedades, adicciones, fobias y problemas emocionales similares que uno pueda tener. Pero especialmente cuando se trata de &hellip; <a href=\"https:\/\/tjeerdgeerts.com\/es\/estres-y-ansiedad\/\">Read More<\/a><\/p>\n","protected":false},"author":2,"featured_media":0,"parent":0,"menu_order":26,"comment_status":"closed","ping_status":"closed","template":"","meta":{"_joinchat":[],"footnotes":""},"class_list":["post-2218","page","type-page","status-publish","hentry"],"_links":{"self":[{"href":"https:\/\/tjeerdgeerts.com\/es\/wp-json\/wp\/v2\/pages\/2218","targetHints":{"allow":["GET"]}}],"collection":[{"href":"https:\/\/tjeerdgeerts.com\/es\/wp-json\/wp\/v2\/pages"}],"about":[{"href":"https:\/\/tjeerdgeerts.com\/es\/wp-json\/wp\/v2\/types\/page"}],"author":[{"embeddable":true,"href":"https:\/\/tjeerdgeerts.com\/es\/wp-json\/wp\/v2\/users\/2"}],"replies":[{"embeddable":true,"href":"https:\/\/tjeerdgeerts.com\/es\/wp-json\/wp\/v2\/comments?post=2218"}],"version-history":[{"count":6,"href":"https:\/\/tjeerdgeerts.com\/es\/wp-json\/wp\/v2\/pages\/2218\/revisions"}],"predecessor-version":[{"id":2576,"href":"https:\/\/tjeerdgeerts.com\/es\/wp-json\/wp\/v2\/pages\/2218\/revisions\/2576"}],"wp:attachment":[{"href":"https:\/\/tjeerdgeerts.com\/es\/wp-json\/wp\/v2\/media?parent=2218"}],"curies":[{"name":"wp","href":"https:\/\/api.w.org\/{rel}","templated":true}]}}