{"id":2047,"date":"2021-10-23T17:41:30","date_gmt":"2021-10-23T17:41:30","guid":{"rendered":"https:\/\/tjeerdgeerts.com\/?page_id=278"},"modified":"2021-11-02T10:36:38","modified_gmt":"2021-11-02T10:36:38","slug":"el-estado-hipnotico","status":"publish","type":"page","link":"https:\/\/tjeerdgeerts.com\/es\/el-estado-hipnotico\/","title":{"rendered":"El estado hipn\u00f3tico"},"content":{"rendered":"\t\t<div data-elementor-type=\"wp-page\" data-elementor-id=\"2047\" class=\"elementor elementor-2047 elementor-2209\">\n\t\t\t\t\t\t<section class=\"elementor-section elementor-top-section elementor-element elementor-element-4042ae55 elementor-section-boxed elementor-section-height-default elementor-section-height-default\" data-id=\"4042ae55\" data-element_type=\"section\" data-e-type=\"section\">\n\t\t\t\t\t\t<div class=\"elementor-container elementor-column-gap-default\">\n\t\t\t\t\t<div class=\"elementor-column elementor-col-100 elementor-top-column elementor-element elementor-element-245ba539\" data-id=\"245ba539\" data-element_type=\"column\" data-e-type=\"column\">\n\t\t\t<div class=\"elementor-widget-wrap elementor-element-populated\">\n\t\t\t\t\t\t<div class=\"elementor-element elementor-element-2400560d elementor-widget elementor-widget-text-editor\" data-id=\"2400560d\" data-element_type=\"widget\" data-e-type=\"widget\" data-widget_type=\"text-editor.default\">\n\t\t\t\t<div class=\"elementor-widget-container\">\n\t\t\t\t\t\t\t\t\t<p>El estado mental hipn\u00f3tico es un fen\u00f3meno completamente natural que ocurre en cada persona varias veces al d\u00eda. A menudo se hace referencia a ellos como \u00abestar ausente\u00bb o \u00abso\u00f1ar despierto\u00bb son signos t\u00edpicos de una persona que entra en el estado hipn\u00f3tico o tambi\u00e9n llamado \u00abestado de trance\u00bb. Adem\u00e1s, los momentos antes de quedarse dormido o despertarse son estados hipn\u00f3ticos. En estos estados, la mente se vuelve hacia adentro y se siente tranquila, haciendo que la mente subconsciente sea receptiva a las sugerencias, ya sea de uno mismo o de alguien como hipnoterapeuta. Si hay un deseo de cambio y se confiar\u00e1 en la fuente y el contenido de las sugerencias, la mente inconsciente aceptar\u00e1 la sugerencia y se aplicar\u00e1 el cambio. Tenga en cuenta que la persona que recibe tratamiento siempre debe tener confianza en que estos cambios son beneficiosos y para su propio bien para poder aceptar la sugerencia. Al final, toda hipnosis es autohipnosis. Puedes compararlo con aprender a conducir un coche con un instructor de conducci\u00f3n, no sabes c\u00f3mo conducir el coche pero el instructor de conducci\u00f3n te dice qu\u00e9 hacer y el coche se mover\u00e1 y lo conducir\u00e1s en la direcci\u00f3n que \u00e9l indique. t\u00fa a. Pero si te dice que hagas algo que ser\u00eda malo para ti y te gusta chocar contra una pared, negar\u00e1s la sugerencia y no lo har\u00e1s.<\/p><p style=\"text-align: center;\"><a href=\"https:\/\/tjeerdgeerts.com\/\" target=\"_blank\" rel=\"noopener\"><br \/><\/a><a href=\"https:\/\/tjeerdgeerts.com\/es\/inicio\/\">Volver a la p\u00e1gina de inicio<\/a><\/p>\t\t\t\t\t\t\t\t<\/div>\n\t\t\t\t<\/div>\n\t\t\t\t\t<\/div>\n\t\t<\/div>\n\t\t\t\t\t<\/div>\n\t\t<\/section>\n\t\t\t\t<section class=\"elementor-section elementor-top-section elementor-element elementor-element-0904d74 elementor-section-stretched elementor-section-boxed elementor-section-height-default elementor-section-height-default\" data-id=\"0904d74\" data-element_type=\"section\" data-e-type=\"section\" data-settings=\"{&quot;stretch_section&quot;:&quot;section-stretched&quot;,&quot;background_background&quot;:&quot;classic&quot;}\">\n\t\t\t\t\t\t<div class=\"elementor-container elementor-column-gap-default\">\n\t\t\t\t\t<div class=\"elementor-column elementor-col-100 elementor-top-column elementor-element elementor-element-8277dd1\" data-id=\"8277dd1\" data-element_type=\"column\" data-e-type=\"column\">\n\t\t\t<div class=\"elementor-widget-wrap elementor-element-populated\">\n\t\t\t\t\t\t<div class=\"elementor-element elementor-element-7a7f9fe elementor-widget elementor-widget-spacer\" data-id=\"7a7f9fe\" data-element_type=\"widget\" data-e-type=\"widget\" data-widget_type=\"spacer.default\">\n\t\t\t\t<div class=\"elementor-widget-container\">\n\t\t\t\t\t\t\t<div class=\"elementor-spacer\">\n\t\t\t<div class=\"elementor-spacer-inner\"><\/div>\n\t\t<\/div>\n\t\t\t\t\t\t<\/div>\n\t\t\t\t<\/div>\n\t\t\t\t<div class=\"elementor-element elementor-element-bc09f88 elementor-widget elementor-widget-heading\" data-id=\"bc09f88\" data-element_type=\"widget\" data-e-type=\"widget\" data-widget_type=\"heading.default\">\n\t\t\t\t<div class=\"elementor-widget-container\">\n\t\t\t\t\t<h2 class=\"elementor-heading-title elementor-size-default\">\u00a1Decide hoy c\u00f3mo ser\u00e1 tu vida ma\u00f1ana!<\/h2>\t\t\t\t<\/div>\n\t\t\t\t<\/div>\n\t\t\t\t<div class=\"elementor-element elementor-element-909ef2a elementor-widget elementor-widget-text-editor\" data-id=\"909ef2a\" data-element_type=\"widget\" data-e-type=\"widget\" data-widget_type=\"text-editor.default\">\n\t\t\t\t<div class=\"elementor-widget-container\">\n\t\t\t\t\t\t\t\t\tDesh\u00e1gase de cualquier tipo de adicci\u00f3n, lib\u00e9yese de la carga de la adicci\u00f3n<\/p>\t\t\t\t\t\t\t\t<\/div>\n\t\t\t\t<\/div>\n\t\t\t\t<div class=\"elementor-element elementor-element-34fce03 elementor-widget elementor-widget-themo-call-to-action\" data-id=\"34fce03\" data-element_type=\"widget\" data-e-type=\"widget\" data-widget_type=\"themo-call-to-action.default\">\n\t\t\t\t<div class=\"elementor-widget-container\">\n\t\t\t\t\t\t\t<div class=\"th-cta\">\n\t\t\t\n                        <div class=\"th-cta-btn\">\n\n                                    <a class=\"btn-1 btn th-btn btn-standard-light\" href=\"https:\/\/tjeerdgeerts.com\/es\/libro-una-cita\/\" target=\"_blank\">\n                                                    Reserve una cita                                            <\/a>\n                \n                            <\/div>\n            \t\t<\/div>\n\t\t\t\t\t\t<\/div>\n\t\t\t\t<\/div>\n\t\t\t\t<div class=\"elementor-element elementor-element-807ffe4 elementor-widget elementor-widget-spacer\" data-id=\"807ffe4\" data-element_type=\"widget\" data-e-type=\"widget\" data-widget_type=\"spacer.default\">\n\t\t\t\t<div class=\"elementor-widget-container\">\n\t\t\t\t\t\t\t<div class=\"elementor-spacer\">\n\t\t\t<div class=\"elementor-spacer-inner\"><\/div>\n\t\t<\/div>\n\t\t\t\t\t\t<\/div>\n\t\t\t\t<\/div>\n\t\t\t\t\t<\/div>\n\t\t<\/div>\n\t\t\t\t\t<\/div>\n\t\t<\/section>\n\t\t\t\t<\/div>\n\t\t","protected":false},"excerpt":{"rendered":"<p>El estado mental hipn\u00f3tico es un fen\u00f3meno completamente natural que ocurre en cada persona varias veces al d\u00eda. A menudo se hace referencia a ellos como \u00abestar ausente\u00bb o \u00abso\u00f1ar despierto\u00bb son signos t\u00edpicos de una persona que entra en &hellip; <a href=\"https:\/\/tjeerdgeerts.com\/es\/el-estado-hipnotico\/\">Read More<\/a><\/p>\n","protected":false},"author":2,"featured_media":0,"parent":0,"menu_order":15,"comment_status":"closed","ping_status":"closed","template":"","meta":{"_joinchat":[],"footnotes":""},"class_list":["post-2047","page","type-page","status-publish","hentry"],"_links":{"self":[{"href":"https:\/\/tjeerdgeerts.com\/es\/wp-json\/wp\/v2\/pages\/2047","targetHints":{"allow":["GET"]}}],"collection":[{"href":"https:\/\/tjeerdgeerts.com\/es\/wp-json\/wp\/v2\/pages"}],"about":[{"href":"https:\/\/tjeerdgeerts.com\/es\/wp-json\/wp\/v2\/types\/page"}],"author":[{"embeddable":true,"href":"https:\/\/tjeerdgeerts.com\/es\/wp-json\/wp\/v2\/users\/2"}],"replies":[{"embeddable":true,"href":"https:\/\/tjeerdgeerts.com\/es\/wp-json\/wp\/v2\/comments?post=2047"}],"version-history":[{"count":10,"href":"https:\/\/tjeerdgeerts.com\/es\/wp-json\/wp\/v2\/pages\/2047\/revisions"}],"predecessor-version":[{"id":2570,"href":"https:\/\/tjeerdgeerts.com\/es\/wp-json\/wp\/v2\/pages\/2047\/revisions\/2570"}],"wp:attachment":[{"href":"https:\/\/tjeerdgeerts.com\/es\/wp-json\/wp\/v2\/media?parent=2047"}],"curies":[{"name":"wp","href":"https:\/\/api.w.org\/{rel}","templated":true}]}}