{"id":2859,"date":"2021-10-23T17:41:30","date_gmt":"2021-10-23T17:41:30","guid":{"rendered":"https:\/\/tjeerdgeerts.com\/?page_id=2859"},"modified":"2021-11-14T19:51:38","modified_gmt":"2021-11-14T18:51:38","slug":"der-hypnotische-geisteszustand","status":"publish","type":"page","link":"https:\/\/tjeerdgeerts.com\/de\/der-hypnotische-geisteszustand\/","title":{"rendered":"Der hypnotische Geisteszustand"},"content":{"rendered":"\t\t<div data-elementor-type=\"wp-page\" data-elementor-id=\"2859\" class=\"elementor elementor-2859 elementor-278\">\n\t\t\t\t\t\t<section class=\"elementor-section elementor-top-section elementor-element elementor-element-b66d000 elementor-section-boxed elementor-section-height-default elementor-section-height-default\" data-id=\"b66d000\" data-element_type=\"section\" data-e-type=\"section\">\n\t\t\t\t\t\t<div class=\"elementor-container elementor-column-gap-default\">\n\t\t\t\t\t<div class=\"elementor-column elementor-col-100 elementor-top-column elementor-element elementor-element-425bd1c\" data-id=\"425bd1c\" data-element_type=\"column\" data-e-type=\"column\">\n\t\t\t<div class=\"elementor-widget-wrap elementor-element-populated\">\n\t\t\t\t\t\t<div class=\"elementor-element elementor-element-7952cd1 elementor-widget elementor-widget-text-editor\" data-id=\"7952cd1\" data-element_type=\"widget\" data-e-type=\"widget\" data-widget_type=\"text-editor.default\">\n\t\t\t\t<div class=\"elementor-widget-container\">\n\t\t\t\t\t\t\t\t\t<p>Der hypnotische Geisteszustand ist ein v\u00f6llig nat\u00fcrliches Ph\u00e4nomen, das bei jedem Menschen mehrmals t\u00e4glich auftritt. Oft als &#8222;abwesend&#8220; oder &#8222;Tagtr\u00e4umen&#8220; bezeichnet zu werden, sind typische Anzeichen daf\u00fcr, dass eine Person in den hypnotischen Zustand eintritt oder auch &#8222;Trance-Zustand&#8220; genannt wird. Auch die Momente vor dem Einschlafen oder Aufwachen sind hypnotische Zust\u00e4nde. In diesen Zust\u00e4nden dreht sich der Geist nach innen und f\u00fchlt sich ruhig, wodurch das Unterbewusstsein f\u00fcr Vorschl\u00e4ge empf\u00e4nglich wird, entweder von sich selbst oder von jemandem als Hypnotherapeut. Wenn der Wunsch nach Ver\u00e4nderung besteht und der Quelle und dem Inhalt der Vorschl\u00e4ge vertraut wird, akzeptiert das Unbewusste den Vorschlag und die \u00c4nderung wird angewendet. Denken Sie daran, dass die behandelte Person immer darauf vertrauen muss, dass diese \u00c4nderungen vorteilhaft und zu ihrem eigenen Wohl sind, um den Vorschlag anzunehmen. Am Ende ist jede Hypnose Selbsthypnose. Sie k\u00f6nnen es mit dem Erlernen des Autofahrens mit einem Fahrlehrer vergleichen. Sie wissen nicht, wie man das Auto f\u00e4hrt, aber der Fahrlehrer sagt Ihnen, was zu tun ist, und das Auto bewegt sich und Sie fahren es in die von ihm angegebene Richtung. Du auch. Aber wenn er dir sagt, dass du etwas tun sollst, das schlecht f\u00fcr dich w\u00e4re und du gerne gegen eine Wand st\u00f6\u00dft, wirst du den Vorschlag ablehnen und du wirst es nicht tun.<\/p>\t\t\t\t\t\t\t\t<\/div>\n\t\t\t\t<\/div>\n\t\t\t\t<div class=\"elementor-element elementor-element-9521188 elementor-widget elementor-widget-themo-call-to-action\" data-id=\"9521188\" data-element_type=\"widget\" data-e-type=\"widget\" data-widget_type=\"themo-call-to-action.default\">\n\t\t\t\t<div class=\"elementor-widget-container\">\n\t\t\t\t\t\t\t<div class=\"th-cta\">\n\t\t\t\n                        <div class=\"th-cta-btn\">\n\n                                    <a class=\"btn-1 btn th-btn btn-standard-light\" href=\"https:\/\/tjeerdgeerts.com\/de\/\" target=\"_blank\">\n                                                    Zur\u00fcck zur Homepage                                            <\/a>\n                \n                            <\/div>\n            \t\t<\/div>\n\t\t\t\t\t\t<\/div>\n\t\t\t\t<\/div>\n\t\t\t\t\t<\/div>\n\t\t<\/div>\n\t\t\t\t\t<\/div>\n\t\t<\/section>\n\t\t\t\t<section class=\"elementor-section elementor-top-section elementor-element elementor-element-02eb593 elementor-section-stretched elementor-section-boxed elementor-section-height-default elementor-section-height-default\" data-id=\"02eb593\" data-element_type=\"section\" data-e-type=\"section\" data-settings=\"{&quot;stretch_section&quot;:&quot;section-stretched&quot;,&quot;background_background&quot;:&quot;classic&quot;}\">\n\t\t\t\t\t\t<div class=\"elementor-container elementor-column-gap-default\">\n\t\t\t\t\t<div class=\"elementor-column elementor-col-100 elementor-top-column elementor-element elementor-element-6eeca62\" data-id=\"6eeca62\" data-element_type=\"column\" data-e-type=\"column\">\n\t\t\t<div class=\"elementor-widget-wrap elementor-element-populated\">\n\t\t\t\t\t\t<div class=\"elementor-element elementor-element-90b4d3f elementor-widget elementor-widget-spacer\" data-id=\"90b4d3f\" data-element_type=\"widget\" data-e-type=\"widget\" data-widget_type=\"spacer.default\">\n\t\t\t\t<div class=\"elementor-widget-container\">\n\t\t\t\t\t\t\t<div class=\"elementor-spacer\">\n\t\t\t<div class=\"elementor-spacer-inner\"><\/div>\n\t\t<\/div>\n\t\t\t\t\t\t<\/div>\n\t\t\t\t<\/div>\n\t\t\t\t<div class=\"elementor-element elementor-element-8b4736e elementor-widget elementor-widget-heading\" data-id=\"8b4736e\" data-element_type=\"widget\" data-e-type=\"widget\" data-widget_type=\"heading.default\">\n\t\t\t\t<div class=\"elementor-widget-container\">\n\t\t\t\t\t<h2 class=\"elementor-heading-title elementor-size-default\">Entscheiden Sie heute, wie Ihr Leben morgen aussehen wird!<\/h2>\t\t\t\t<\/div>\n\t\t\t\t<\/div>\n\t\t\t\t<div class=\"elementor-element elementor-element-7f099ac elementor-widget elementor-widget-text-editor\" data-id=\"7f099ac\" data-element_type=\"widget\" data-e-type=\"widget\" data-widget_type=\"text-editor.default\">\n\t\t\t\t<div class=\"elementor-widget-container\">\n\t\t\t\t\t\t\t\t\t<h5>Ver\u00e4ndere deine Vergangenheit, deine Gegenwart und deine Zukunft mit Hypnose<\/h5>\t\t\t\t\t\t\t\t<\/div>\n\t\t\t\t<\/div>\n\t\t\t\t<div class=\"elementor-element elementor-element-214aeda elementor-widget elementor-widget-themo-call-to-action\" data-id=\"214aeda\" data-element_type=\"widget\" data-e-type=\"widget\" data-widget_type=\"themo-call-to-action.default\">\n\t\t\t\t<div class=\"elementor-widget-container\">\n\t\t\t\t\t\t\t<div class=\"th-cta\">\n\t\t\t\n                        <div class=\"th-cta-btn\">\n\n                                    <a class=\"btn-1 btn th-btn btn-standard-light\" href=\"https:\/\/tjeerdgeerts.com\/de\/termin-vereinbaren\/\" target=\"_blank\">\n                                                    Buchen Sie ein kostenloses Beratungsgespr\u00e4ch                                            <\/a>\n                \n                            <\/div>\n            \t\t<\/div>\n\t\t\t\t\t\t<\/div>\n\t\t\t\t<\/div>\n\t\t\t\t<div class=\"elementor-element elementor-element-39d21ec elementor-widget elementor-widget-spacer\" data-id=\"39d21ec\" data-element_type=\"widget\" data-e-type=\"widget\" data-widget_type=\"spacer.default\">\n\t\t\t\t<div class=\"elementor-widget-container\">\n\t\t\t\t\t\t\t<div class=\"elementor-spacer\">\n\t\t\t<div class=\"elementor-spacer-inner\"><\/div>\n\t\t<\/div>\n\t\t\t\t\t\t<\/div>\n\t\t\t\t<\/div>\n\t\t\t\t\t<\/div>\n\t\t<\/div>\n\t\t\t\t\t<\/div>\n\t\t<\/section>\n\t\t\t\t<\/div>\n\t\t","protected":false},"excerpt":{"rendered":"<p>Der hypnotische Geisteszustand ist ein v\u00f6llig nat\u00fcrliches Ph\u00e4nomen, das bei jedem Menschen mehrmals t\u00e4glich auftritt. Oft als &#8222;abwesend&#8220; oder &#8222;Tagtr\u00e4umen&#8220; bezeichnet zu werden, sind typische Anzeichen daf\u00fcr, dass eine Person in den hypnotischen Zustand eintritt oder auch &#8222;Trance-Zustand&#8220; genannt wird. &hellip; <a href=\"https:\/\/tjeerdgeerts.com\/de\/der-hypnotische-geisteszustand\/\">Read More<\/a><\/p>\n","protected":false},"author":2,"featured_media":0,"parent":0,"menu_order":25,"comment_status":"closed","ping_status":"closed","template":"","meta":{"_joinchat":[],"footnotes":""},"class_list":["post-2859","page","type-page","status-publish","hentry"],"_links":{"self":[{"href":"https:\/\/tjeerdgeerts.com\/de\/wp-json\/wp\/v2\/pages\/2859","targetHints":{"allow":["GET"]}}],"collection":[{"href":"https:\/\/tjeerdgeerts.com\/de\/wp-json\/wp\/v2\/pages"}],"about":[{"href":"https:\/\/tjeerdgeerts.com\/de\/wp-json\/wp\/v2\/types\/page"}],"author":[{"embeddable":true,"href":"https:\/\/tjeerdgeerts.com\/de\/wp-json\/wp\/v2\/users\/2"}],"replies":[{"embeddable":true,"href":"https:\/\/tjeerdgeerts.com\/de\/wp-json\/wp\/v2\/comments?post=2859"}],"version-history":[{"count":7,"href":"https:\/\/tjeerdgeerts.com\/de\/wp-json\/wp\/v2\/pages\/2859\/revisions"}],"predecessor-version":[{"id":2867,"href":"https:\/\/tjeerdgeerts.com\/de\/wp-json\/wp\/v2\/pages\/2859\/revisions\/2867"}],"wp:attachment":[{"href":"https:\/\/tjeerdgeerts.com\/de\/wp-json\/wp\/v2\/media?parent=2859"}],"curies":[{"name":"wp","href":"https:\/\/api.w.org\/{rel}","templated":true}]}}