{"id":2821,"date":"2021-11-09T21:28:52","date_gmt":"2021-11-09T20:28:52","guid":{"rendered":"https:\/\/tjeerdgeerts.com\/?page_id=2821"},"modified":"2021-11-12T23:02:44","modified_gmt":"2021-11-12T22:02:44","slug":"fruchtbarkeit","status":"publish","type":"page","link":"https:\/\/tjeerdgeerts.com\/de\/fruchtbarkeit\/","title":{"rendered":"Fruchtbarkeit"},"content":{"rendered":"\t\t<div data-elementor-type=\"wp-page\" data-elementor-id=\"2821\" class=\"elementor elementor-2821 elementor-2722\">\n\t\t\t\t\t\t<section class=\"elementor-section elementor-top-section elementor-element elementor-element-f286933 elementor-section-boxed elementor-section-height-default elementor-section-height-default\" data-id=\"f286933\" data-element_type=\"section\" data-e-type=\"section\">\n\t\t\t\t\t\t<div class=\"elementor-container elementor-column-gap-default\">\n\t\t\t\t\t<div class=\"elementor-column elementor-col-100 elementor-top-column elementor-element elementor-element-8279c23\" data-id=\"8279c23\" data-element_type=\"column\" data-e-type=\"column\">\n\t\t\t<div class=\"elementor-widget-wrap elementor-element-populated\">\n\t\t\t\t\t\t<div class=\"elementor-element elementor-element-79de601 elementor-widget elementor-widget-image\" data-id=\"79de601\" data-element_type=\"widget\" data-e-type=\"widget\" data-widget_type=\"image.default\">\n\t\t\t\t<div class=\"elementor-widget-container\">\n\t\t\t\t\t\t\t\t\t\t\t\t\t\t\t<img fetchpriority=\"high\" decoding=\"async\" width=\"600\" height=\"495\" src=\"https:\/\/tjeerdgeerts.com\/wp-content\/uploads\/2021\/11\/img6-600x495-1.jpg\" class=\"attachment-large size-large wp-image-2724\" alt=\"\" srcset=\"https:\/\/tjeerdgeerts.com\/wp-content\/uploads\/2021\/11\/img6-600x495-1.jpg 600w, https:\/\/tjeerdgeerts.com\/wp-content\/uploads\/2021\/11\/img6-600x495-1-300x248.jpg 300w, https:\/\/tjeerdgeerts.com\/wp-content\/uploads\/2021\/11\/img6-600x495-1-36x30.jpg 36w, https:\/\/tjeerdgeerts.com\/wp-content\/uploads\/2021\/11\/img6-600x495-1-97x80.jpg 97w, https:\/\/tjeerdgeerts.com\/wp-content\/uploads\/2021\/11\/img6-600x495-1-367x303.jpg 367w\" sizes=\"(max-width: 600px) 100vw, 600px\" \/>\t\t\t\t\t\t\t\t\t\t\t\t\t\t\t<\/div>\n\t\t\t\t<\/div>\n\t\t\t\t\t<\/div>\n\t\t<\/div>\n\t\t\t\t\t<\/div>\n\t\t<\/section>\n\t\t\t\t<section class=\"elementor-section elementor-top-section elementor-element elementor-element-899fe59 elementor-section-boxed elementor-section-height-default elementor-section-height-default\" data-id=\"899fe59\" data-element_type=\"section\" data-e-type=\"section\">\n\t\t\t\t\t\t<div class=\"elementor-container elementor-column-gap-default\">\n\t\t\t\t\t<div class=\"elementor-column elementor-col-100 elementor-top-column elementor-element elementor-element-a0ddc42\" data-id=\"a0ddc42\" data-element_type=\"column\" data-e-type=\"column\">\n\t\t\t<div class=\"elementor-widget-wrap elementor-element-populated\">\n\t\t\t\t\t\t<div class=\"elementor-element elementor-element-8d39df4 elementor-widget elementor-widget-text-editor\" data-id=\"8d39df4\" data-element_type=\"widget\" data-e-type=\"widget\" data-widget_type=\"text-editor.default\">\n\t\t\t\t<div class=\"elementor-widget-container\">\n\t\t\t\t\t\t\t\t\t<p>Fruchtbarkeit<\/p>\t\t\t\t\t\t\t\t<\/div>\n\t\t\t\t<\/div>\n\t\t\t\t<div class=\"elementor-element elementor-element-b7dad0d elementor-widget elementor-widget-text-editor\" data-id=\"b7dad0d\" data-element_type=\"widget\" data-e-type=\"widget\" data-widget_type=\"text-editor.default\">\n\t\t\t\t<div class=\"elementor-widget-container\">\n\t\t\t\t\t\t\t\t\tKinder zu haben ist eines der Hauptziele von Paaren und es ist eine wunderbare Sache, ein Kind in diese Welt bringen und erziehen zu k\u00f6nnen. Manchmal ist der Wunsch, schwanger zu werden, nicht erf\u00fcllt und kann zu gro\u00dfer Traurigkeit und Desillusionierung des Paares f\u00fchren. Hypnotherapie hat sich als gro\u00dfe Hilfe f\u00fcr Menschen erwiesen, um Kinder zu bekommen. Der Wunsch, ein Kind zu haben, kann so gro\u00df und voller Emotionen sein, dass das Unterbewusstsein die Fruchtbarkeit beeinflussen und verhindern kann, dass die Magie des Lebens geschieht.\n\nIch kann Folgendes behandeln oder helfen:\n<ul>\n \t<li>Unfruchtbarkeit<\/li>\n \t<li>Bindung nach der Geburt<\/li>\n \t<li>Umgang mit Verlust<\/li>\n \t<li>Schmerztherapie w\u00e4hrend der Wehen<\/li>\n<\/ul>\t\t\t\t\t\t\t\t<\/div>\n\t\t\t\t<\/div>\n\t\t\t\t<div class=\"elementor-element elementor-element-f1990e5 elementor-widget elementor-widget-text-editor\" data-id=\"f1990e5\" data-element_type=\"widget\" data-e-type=\"widget\" data-widget_type=\"text-editor.default\">\n\t\t\t\t<div class=\"elementor-widget-container\">\n\t\t\t\t\t\t\t\t\t<p class=\"entry-title\">Zertifizierter und registrierter klinischer Hypnotherapeut<\/p><p id=\"tw-target-text\" class=\"tw-data-text tw-text-large XcVN5d tw-ta\" dir=\"ltr\" data-placeholder=\"Translation\"><span class=\"Y2IQFc\" lang=\"en\">\u00a0<\/span><\/p>\t\t\t\t\t\t\t\t<\/div>\n\t\t\t\t<\/div>\n\t\t\t\t\t<\/div>\n\t\t<\/div>\n\t\t\t\t\t<\/div>\n\t\t<\/section>\n\t\t\t\t<section class=\"elementor-section elementor-top-section elementor-element elementor-element-54cd27a elementor-section-stretched elementor-section-boxed elementor-section-height-default elementor-section-height-default\" data-id=\"54cd27a\" data-element_type=\"section\" data-e-type=\"section\" data-settings=\"{&quot;stretch_section&quot;:&quot;section-stretched&quot;,&quot;background_background&quot;:&quot;classic&quot;}\">\n\t\t\t\t\t\t<div class=\"elementor-container elementor-column-gap-default\">\n\t\t\t\t\t<div class=\"elementor-column elementor-col-100 elementor-top-column elementor-element elementor-element-66f7c92\" data-id=\"66f7c92\" data-element_type=\"column\" data-e-type=\"column\">\n\t\t\t<div class=\"elementor-widget-wrap elementor-element-populated\">\n\t\t\t\t\t\t<div class=\"elementor-element elementor-element-61a982a elementor-widget elementor-widget-spacer\" data-id=\"61a982a\" data-element_type=\"widget\" data-e-type=\"widget\" data-widget_type=\"spacer.default\">\n\t\t\t\t<div class=\"elementor-widget-container\">\n\t\t\t\t\t\t\t<div class=\"elementor-spacer\">\n\t\t\t<div class=\"elementor-spacer-inner\"><\/div>\n\t\t<\/div>\n\t\t\t\t\t\t<\/div>\n\t\t\t\t<\/div>\n\t\t\t\t<div class=\"elementor-element elementor-element-3bbc9e7 elementor-widget elementor-widget-heading\" data-id=\"3bbc9e7\" data-element_type=\"widget\" data-e-type=\"widget\" data-widget_type=\"heading.default\">\n\t\t\t\t<div class=\"elementor-widget-container\">\n\t\t\t\t\t<h2 class=\"elementor-heading-title elementor-size-default\">Beanspruchen Sie Ihr Recht auf Kinder\n<\/h2>\t\t\t\t<\/div>\n\t\t\t\t<\/div>\n\t\t\t\t<div class=\"elementor-element elementor-element-b4f737d elementor-widget elementor-widget-text-editor\" data-id=\"b4f737d\" data-element_type=\"widget\" data-e-type=\"widget\" data-widget_type=\"text-editor.default\">\n\t\t\t\t<div class=\"elementor-widget-container\">\n\t\t\t\t\t\t\t\t\t<h5><strong><strong>den nat\u00fcrlichen Weg zur Schwangerschaft<br \/><\/strong><\/strong><\/h5>\t\t\t\t\t\t\t\t<\/div>\n\t\t\t\t<\/div>\n\t\t\t\t<div class=\"elementor-element elementor-element-5caf53a elementor-widget elementor-widget-themo-call-to-action\" data-id=\"5caf53a\" data-element_type=\"widget\" data-e-type=\"widget\" data-widget_type=\"themo-call-to-action.default\">\n\t\t\t\t<div class=\"elementor-widget-container\">\n\t\t\t\t\t\t\t<div class=\"th-cta\">\n\t\t\t\n                        <div class=\"th-cta-btn\">\n\n                                    <a class=\"btn-1 btn th-btn btn-standard-light\" href=\"https:\/\/tjeerdgeerts.com\/book-an-appointment\/\" target=\"_blank\">\n                                                    Buchen Sie ein kostenloses Beratungsgespr\u00e4ch                                            <\/a>\n                \n                            <\/div>\n            \t\t<\/div>\n\t\t\t\t\t\t<\/div>\n\t\t\t\t<\/div>\n\t\t\t\t<div class=\"elementor-element elementor-element-114ad1f elementor-widget elementor-widget-spacer\" data-id=\"114ad1f\" data-element_type=\"widget\" data-e-type=\"widget\" data-widget_type=\"spacer.default\">\n\t\t\t\t<div class=\"elementor-widget-container\">\n\t\t\t\t\t\t\t<div class=\"elementor-spacer\">\n\t\t\t<div class=\"elementor-spacer-inner\"><\/div>\n\t\t<\/div>\n\t\t\t\t\t\t<\/div>\n\t\t\t\t<\/div>\n\t\t\t\t\t<\/div>\n\t\t<\/div>\n\t\t\t\t\t<\/div>\n\t\t<\/section>\n\t\t\t\t<\/div>\n\t\t","protected":false},"excerpt":{"rendered":"<p>Fruchtbarkeit Kinder zu haben ist eines der Hauptziele von Paaren und es ist eine wunderbare Sache, ein Kind in diese Welt bringen und erziehen zu k\u00f6nnen. Manchmal ist der Wunsch, schwanger zu werden, nicht erf\u00fcllt und kann zu gro\u00dfer Traurigkeit &hellip; <a href=\"https:\/\/tjeerdgeerts.com\/de\/fruchtbarkeit\/\">Read More<\/a><\/p>\n","protected":false},"author":2,"featured_media":0,"parent":0,"menu_order":30,"comment_status":"closed","ping_status":"closed","template":"","meta":{"_joinchat":[],"footnotes":""},"class_list":["post-2821","page","type-page","status-publish","hentry"],"_links":{"self":[{"href":"https:\/\/tjeerdgeerts.com\/de\/wp-json\/wp\/v2\/pages\/2821","targetHints":{"allow":["GET"]}}],"collection":[{"href":"https:\/\/tjeerdgeerts.com\/de\/wp-json\/wp\/v2\/pages"}],"about":[{"href":"https:\/\/tjeerdgeerts.com\/de\/wp-json\/wp\/v2\/types\/page"}],"author":[{"embeddable":true,"href":"https:\/\/tjeerdgeerts.com\/de\/wp-json\/wp\/v2\/users\/2"}],"replies":[{"embeddable":true,"href":"https:\/\/tjeerdgeerts.com\/de\/wp-json\/wp\/v2\/comments?post=2821"}],"version-history":[{"count":8,"href":"https:\/\/tjeerdgeerts.com\/de\/wp-json\/wp\/v2\/pages\/2821\/revisions"}],"predecessor-version":[{"id":2829,"href":"https:\/\/tjeerdgeerts.com\/de\/wp-json\/wp\/v2\/pages\/2821\/revisions\/2829"}],"wp:attachment":[{"href":"https:\/\/tjeerdgeerts.com\/de\/wp-json\/wp\/v2\/media?parent=2821"}],"curies":[{"name":"wp","href":"https:\/\/api.w.org\/{rel}","templated":true}]}}