{"id":2319,"date":"2021-10-23T17:59:03","date_gmt":"2021-10-23T17:59:03","guid":{"rendered":"https:\/\/tjeerdgeerts.com\/?page_id=297"},"modified":"2021-11-02T10:36:39","modified_gmt":"2021-11-02T10:36:39","slug":"was-ist-hypnotherapie","status":"publish","type":"page","link":"https:\/\/tjeerdgeerts.com\/de\/was-ist-hypnotherapie\/","title":{"rendered":"Was ist Hypnotherapie?"},"content":{"rendered":"\t\t<div data-elementor-type=\"wp-page\" data-elementor-id=\"2319\" class=\"elementor elementor-2319 elementor-297\">\n\t\t\t\t\t\t<section class=\"elementor-section elementor-top-section elementor-element elementor-element-253e99fd elementor-section-boxed elementor-section-height-default elementor-section-height-default\" data-id=\"253e99fd\" data-element_type=\"section\" data-e-type=\"section\">\n\t\t\t\t\t\t<div class=\"elementor-container elementor-column-gap-default\">\n\t\t\t\t\t<div class=\"elementor-column elementor-col-100 elementor-top-column elementor-element elementor-element-45c37cf7\" data-id=\"45c37cf7\" data-element_type=\"column\" data-e-type=\"column\">\n\t\t\t<div class=\"elementor-widget-wrap elementor-element-populated\">\n\t\t\t\t\t\t<div class=\"elementor-element elementor-element-56fa303 elementor-widget elementor-widget-text-editor\" data-id=\"56fa303\" data-element_type=\"widget\" data-e-type=\"widget\" data-widget_type=\"text-editor.default\">\n\t\t\t\t<div class=\"elementor-widget-container\">\n\t\t\t\t\t\t\t\t\t<p>Ein Hypnotherapeut wird seinen Klienten helfen, in einen hypnotischen Zustand oder Trancezustand zu gelangen. W\u00e4hrend dieses Zustands ist der Klient sensibel f\u00fcr positive Vorschl\u00e4ge, die helfen k\u00f6nnen, unerw\u00fcnschtes Verhalten, Gewohnheiten oder st\u00f6rende Erinnerungen zu \u00e4ndern. Die positiven Vorschl\u00e4ge, die Menschen w\u00e4hrend der Hypnotisierung gegeben werden, werden als \u201eposthypnotische Suggestionen\u201c bezeichnet, da sie wirksam werden sollen, nachdem die Person aus der Trance hervorgegangen ist und nicht mehr unter Hypnose steht. Hypnose gibt es schon seit einiger Zeit und ist der breiten \u00d6ffentlichkeit vor allem von B\u00fchnenhypnotiseisern bekannt. Obwohl auf den gleichen Prinzipien basierend, gibt es einen Unterschied zwischen Stufenhypnose und klinischer Hypnotherapie. B\u00fchnenhypnose wird zur Unterhaltung verwendet, damit Menschen eine gute Zeit haben, w\u00e4hrend klinische Hypnotherapie tats\u00e4chlich Menschen helfen kann, ihr Verhalten zu \u00e4ndern oder eine Vielzahl von Problemen loszuwerden. Die klinische Hypnotherapie wird heute weltweit von der globalen wissenschaftlichen Gemeinschaft als g\u00fcltige Behandlung anerkannt, siehe die Fu\u00dfnoten 1, 2 und 3 f\u00fcr Quellen und wird derzeit von medizinischem Fachpersonal in verschiedenen L\u00e4ndern als vollst\u00e4ndige oder substanzielle Behandlung verwendet. Hypnotherapie kann bei vielen h\u00e4ufigen und ungew\u00f6hnlichen Problemen wie S\u00fcchten, Essst\u00f6rungen, Stress und Angstzust\u00e4nden, unerw\u00fcnschtem Verhalten, traumatischen Erfahrungen und geringem Selbstwertgef\u00fchl hilfreich sein. Die Liste ist sehr lang und die Behandlung deckt viele Probleme ab. Wenn Sie wissen m\u00f6chten, ob Hypnotherapie f\u00fcr Sie funktioniert, kontaktieren Sie mich bitte per WhatsApp, indem Sie auf die Schaltfl\u00e4che unten klicken oder meine Nummer in Ihrem Telefon hinzuf\u00fcgen: <a href=\"callto: +34688883183\">+34 688883183<\/a> oder indem Sie eine E-Mail an <a href=\"mailto:Tjeerd.geerts@gmail.com\">tjeerd.geerts@gmail.com<\/a>senden.<\/p><ul><li>Ist Hypnose real? Time Magazine <a href=\"https:\/\/time.com\/5380312\/is-hypnosis-real-science\/\">https:\/\/time.com\/5380312\/is-hypnosis-real-science\/<\/a><\/li><li>German Medical Paper <a href=\"https:\/\/www.ncbi.nlm.nih.gov\/pmc\/articles\/PMC4873672\/\">https:\/\/www.ncbi.nlm.nih.gov\/pmc\/articles\/PMC4873672\/<\/a><\/li><li>Die Wissenschaft der Hypnose National Geographic <a href=\"https:\/\/blog.nationalgeographic.org\/2013\/06\/24\/the-science-of-hypnosis\/\">https:\/\/blog.nationalgeographic.org\/2013\/06\/24\/the-science-of-hypnosis\/<\/a><\/li><\/ul><p>\u00a0<\/p>\t\t\t\t\t\t\t\t<\/div>\n\t\t\t\t<\/div>\n\t\t\t\t\t<\/div>\n\t\t<\/div>\n\t\t\t\t\t<\/div>\n\t\t<\/section>\n\t\t\t\t<section class=\"elementor-section elementor-top-section elementor-element elementor-element-3a90d26 elementor-section-boxed elementor-section-height-default elementor-section-height-default\" data-id=\"3a90d26\" data-element_type=\"section\" data-e-type=\"section\">\n\t\t\t\t\t\t<div class=\"elementor-container elementor-column-gap-default\">\n\t\t\t\t\t<div class=\"elementor-column elementor-col-100 elementor-top-column elementor-element elementor-element-25d7fee\" data-id=\"25d7fee\" data-element_type=\"column\" data-e-type=\"column\">\n\t\t\t<div class=\"elementor-widget-wrap elementor-element-populated\">\n\t\t\t\t\t\t<div class=\"elementor-element elementor-element-8ae7a14 elementor-widget elementor-widget-themo-call-to-action\" data-id=\"8ae7a14\" data-element_type=\"widget\" data-e-type=\"widget\" data-widget_type=\"themo-call-to-action.default\">\n\t\t\t\t<div class=\"elementor-widget-container\">\n\t\t\t\t\t\t\t<div class=\"th-cta\">\n\t\t\t\n                        <div class=\"th-cta-btn\">\n\n                                    <a class=\"btn-1 btn th-btn btn-standard-light\" href=\"https:\/\/tjeerdgeerts.com\/de\/nach-hause\/\" target=\"_blank\">\n                                                    Zur\u00fcck zur Startseite                                            <\/a>\n                \n                            <\/div>\n            \t\t<\/div>\n\t\t\t\t\t\t<\/div>\n\t\t\t\t<\/div>\n\t\t\t\t\t<\/div>\n\t\t<\/div>\n\t\t\t\t\t<\/div>\n\t\t<\/section>\n\t\t\t\t<section class=\"elementor-section elementor-top-section elementor-element elementor-element-407fc69 elementor-section-stretched elementor-section-boxed elementor-section-height-default elementor-section-height-default\" data-id=\"407fc69\" data-element_type=\"section\" data-e-type=\"section\" data-settings=\"{&quot;stretch_section&quot;:&quot;section-stretched&quot;,&quot;background_background&quot;:&quot;classic&quot;}\">\n\t\t\t\t\t\t<div class=\"elementor-container elementor-column-gap-default\">\n\t\t\t\t\t<div class=\"elementor-column elementor-col-100 elementor-top-column elementor-element elementor-element-e813765\" data-id=\"e813765\" data-element_type=\"column\" data-e-type=\"column\">\n\t\t\t<div class=\"elementor-widget-wrap elementor-element-populated\">\n\t\t\t\t\t\t<div class=\"elementor-element elementor-element-aebc0a0 elementor-widget elementor-widget-spacer\" data-id=\"aebc0a0\" data-element_type=\"widget\" data-e-type=\"widget\" data-widget_type=\"spacer.default\">\n\t\t\t\t<div class=\"elementor-widget-container\">\n\t\t\t\t\t\t\t<div class=\"elementor-spacer\">\n\t\t\t<div class=\"elementor-spacer-inner\"><\/div>\n\t\t<\/div>\n\t\t\t\t\t\t<\/div>\n\t\t\t\t<\/div>\n\t\t\t\t<div class=\"elementor-element elementor-element-4daeee1 elementor-widget elementor-widget-heading\" data-id=\"4daeee1\" data-element_type=\"widget\" data-e-type=\"widget\" data-widget_type=\"heading.default\">\n\t\t\t\t<div class=\"elementor-widget-container\">\n\t\t\t\t\t<h2 class=\"elementor-heading-title elementor-size-default\">Verbessern Sie Ihr Leben. Heute!<\/h2>\t\t\t\t<\/div>\n\t\t\t\t<\/div>\n\t\t\t\t<div class=\"elementor-element elementor-element-0f4377d elementor-widget elementor-widget-text-editor\" data-id=\"0f4377d\" data-element_type=\"widget\" data-e-type=\"widget\" data-widget_type=\"text-editor.default\">\n\t\t\t\t<div class=\"elementor-widget-container\">\n\t\t\t\t\t\t\t\t\tEntdecken Sie die sofortige Kraft der Hypnotherapie zur Heilung von S\u00fcchten, Phobien und pers\u00f6nlichen und gesch\u00e4ftlichen Problemen!\t\t\t\t\t\t\t\t<\/div>\n\t\t\t\t<\/div>\n\t\t\t\t<div class=\"elementor-element elementor-element-a432ebc elementor-widget elementor-widget-themo-call-to-action\" data-id=\"a432ebc\" data-element_type=\"widget\" data-e-type=\"widget\" data-widget_type=\"themo-call-to-action.default\">\n\t\t\t\t<div class=\"elementor-widget-container\">\n\t\t\t\t\t\t\t<div class=\"th-cta\">\n\t\t\t\n                        <div class=\"th-cta-btn\">\n\n                                    <a class=\"btn-1 btn th-btn btn-standard-light\" href=\"https:\/\/tjeerdgeerts.com\/de\/termin-vereinbaren\/\" target=\"_blank\">\n                                                    Vereinbaren Sie einen Termin                                            <\/a>\n                \n                            <\/div>\n            \t\t<\/div>\n\t\t\t\t\t\t<\/div>\n\t\t\t\t<\/div>\n\t\t\t\t<div class=\"elementor-element elementor-element-dcea84e elementor-widget elementor-widget-spacer\" data-id=\"dcea84e\" data-element_type=\"widget\" data-e-type=\"widget\" data-widget_type=\"spacer.default\">\n\t\t\t\t<div class=\"elementor-widget-container\">\n\t\t\t\t\t\t\t<div class=\"elementor-spacer\">\n\t\t\t<div class=\"elementor-spacer-inner\"><\/div>\n\t\t<\/div>\n\t\t\t\t\t\t<\/div>\n\t\t\t\t<\/div>\n\t\t\t\t\t<\/div>\n\t\t<\/div>\n\t\t\t\t\t<\/div>\n\t\t<\/section>\n\t\t\t\t<\/div>\n\t\t","protected":false},"excerpt":{"rendered":"<p>Ein Hypnotherapeut wird seinen Klienten helfen, in einen hypnotischen Zustand oder Trancezustand zu gelangen. W\u00e4hrend dieses Zustands ist der Klient sensibel f\u00fcr positive Vorschl\u00e4ge, die helfen k\u00f6nnen, unerw\u00fcnschtes Verhalten, Gewohnheiten oder st\u00f6rende Erinnerungen zu \u00e4ndern. Die positiven Vorschl\u00e4ge, die Menschen &hellip; <a href=\"https:\/\/tjeerdgeerts.com\/de\/was-ist-hypnotherapie\/\">Read More<\/a><\/p>\n","protected":false},"author":2,"featured_media":0,"parent":0,"menu_order":31,"comment_status":"closed","ping_status":"closed","template":"","meta":{"_joinchat":[],"footnotes":""},"class_list":["post-2319","page","type-page","status-publish","hentry"],"_links":{"self":[{"href":"https:\/\/tjeerdgeerts.com\/de\/wp-json\/wp\/v2\/pages\/2319","targetHints":{"allow":["GET"]}}],"collection":[{"href":"https:\/\/tjeerdgeerts.com\/de\/wp-json\/wp\/v2\/pages"}],"about":[{"href":"https:\/\/tjeerdgeerts.com\/de\/wp-json\/wp\/v2\/types\/page"}],"author":[{"embeddable":true,"href":"https:\/\/tjeerdgeerts.com\/de\/wp-json\/wp\/v2\/users\/2"}],"replies":[{"embeddable":true,"href":"https:\/\/tjeerdgeerts.com\/de\/wp-json\/wp\/v2\/comments?post=2319"}],"version-history":[{"count":6,"href":"https:\/\/tjeerdgeerts.com\/de\/wp-json\/wp\/v2\/pages\/2319\/revisions"}],"predecessor-version":[{"id":2510,"href":"https:\/\/tjeerdgeerts.com\/de\/wp-json\/wp\/v2\/pages\/2319\/revisions\/2510"}],"wp:attachment":[{"href":"https:\/\/tjeerdgeerts.com\/de\/wp-json\/wp\/v2\/media?parent=2319"}],"curies":[{"name":"wp","href":"https:\/\/api.w.org\/{rel}","templated":true}]}}