{"id":2292,"date":"2021-10-23T17:34:15","date_gmt":"2021-10-23T17:34:15","guid":{"rendered":"https:\/\/tjeerdgeerts.com\/?page_id=266"},"modified":"2021-11-02T10:36:39","modified_gmt":"2021-11-02T10:36:39","slug":"unerwunschtes-verhalten","status":"publish","type":"page","link":"https:\/\/tjeerdgeerts.com\/de\/unerwunschtes-verhalten\/","title":{"rendered":"Unerw\u00fcnschtes Verhalten"},"content":{"rendered":"\t\t<div data-elementor-type=\"wp-page\" data-elementor-id=\"2292\" class=\"elementor elementor-2292 elementor-266\">\n\t\t\t\t\t\t<section class=\"elementor-section elementor-top-section elementor-element elementor-element-bcc5ff1 elementor-section-boxed elementor-section-height-default elementor-section-height-default\" data-id=\"bcc5ff1\" data-element_type=\"section\" data-e-type=\"section\">\n\t\t\t\t\t\t<div class=\"elementor-container elementor-column-gap-default\">\n\t\t\t\t\t<div class=\"elementor-column elementor-col-100 elementor-top-column elementor-element elementor-element-354b2941\" data-id=\"354b2941\" data-element_type=\"column\" data-e-type=\"column\">\n\t\t\t<div class=\"elementor-widget-wrap elementor-element-populated\">\n\t\t\t\t\t\t<div class=\"elementor-element elementor-element-564dca06 elementor-widget elementor-widget-text-editor\" data-id=\"564dca06\" data-element_type=\"widget\" data-e-type=\"widget\" data-widget_type=\"text-editor.default\">\n\t\t\t\t<div class=\"elementor-widget-container\">\n\t\t\t\t\t\t\t\t\t<p><img fetchpriority=\"high\" decoding=\"async\" src=\"https:\/\/tjeerdgeerts.com\/wp-content\/uploads\/2021\/10\/img18-1920x1080-1-1024x576.jpg\" sizes=\"(max-width: 1024px) 100vw, 1024px\" srcset=\"https:\/\/tjeerdgeerts.com\/wp-content\/uploads\/2021\/10\/img18-1920x1080-1-1024x576.jpg 1024w, https:\/\/tjeerdgeerts.com\/wp-content\/uploads\/2021\/10\/img18-1920x1080-1-600x338.jpg 600w, https:\/\/tjeerdgeerts.com\/wp-content\/uploads\/2021\/10\/img18-1920x1080-1-300x169.jpg 300w, https:\/\/tjeerdgeerts.com\/wp-content\/uploads\/2021\/10\/img18-1920x1080-1-768x432.jpg 768w, https:\/\/tjeerdgeerts.com\/wp-content\/uploads\/2021\/10\/img18-1920x1080-1-1536x864.jpg 1536w, https:\/\/tjeerdgeerts.com\/wp-content\/uploads\/2021\/10\/img18-1920x1080-1-53x30.jpg 53w, https:\/\/tjeerdgeerts.com\/wp-content\/uploads\/2021\/10\/img18-1920x1080-1-142x80.jpg 142w, https:\/\/tjeerdgeerts.com\/wp-content\/uploads\/2021\/10\/img18-1920x1080-1-394x222.jpg 394w, https:\/\/tjeerdgeerts.com\/wp-content\/uploads\/2021\/10\/img18-1920x1080-1-915x515.jpg 915w, https:\/\/tjeerdgeerts.com\/wp-content\/uploads\/2021\/10\/img18-1920x1080-1-1240x698.jpg 1240w, https:\/\/tjeerdgeerts.com\/wp-content\/uploads\/2021\/10\/img18-1920x1080-1.jpg 1920w\" alt=\"\" width=\"1024\" height=\"576\" \/><\/p><p>Hypnotherapie kann das folgende unerw\u00fcnschte Verhalten ver\u00e4ndern<\/p><ul><li>Nagelbei\u00dfen<\/li><li>Zorn<\/li><li>Aggression<\/li><\/ul>\t\t\t\t\t\t\t\t<\/div>\n\t\t\t\t<\/div>\n\t\t\t\t\t<\/div>\n\t\t<\/div>\n\t\t\t\t\t<\/div>\n\t\t<\/section>\n\t\t\t\t<section class=\"elementor-section elementor-top-section elementor-element elementor-element-f3fafa7 elementor-section-stretched elementor-section-boxed elementor-section-height-default elementor-section-height-default\" data-id=\"f3fafa7\" data-element_type=\"section\" data-e-type=\"section\" data-settings=\"{&quot;stretch_section&quot;:&quot;section-stretched&quot;,&quot;background_background&quot;:&quot;classic&quot;}\">\n\t\t\t\t\t\t<div class=\"elementor-container elementor-column-gap-default\">\n\t\t\t\t\t<div class=\"elementor-column elementor-col-100 elementor-top-column elementor-element elementor-element-f1b9bdb\" data-id=\"f1b9bdb\" data-element_type=\"column\" data-e-type=\"column\">\n\t\t\t<div class=\"elementor-widget-wrap elementor-element-populated\">\n\t\t\t\t\t\t<div class=\"elementor-element elementor-element-58f6dab elementor-widget elementor-widget-spacer\" data-id=\"58f6dab\" data-element_type=\"widget\" data-e-type=\"widget\" data-widget_type=\"spacer.default\">\n\t\t\t\t<div class=\"elementor-widget-container\">\n\t\t\t\t\t\t\t<div class=\"elementor-spacer\">\n\t\t\t<div class=\"elementor-spacer-inner\"><\/div>\n\t\t<\/div>\n\t\t\t\t\t\t<\/div>\n\t\t\t\t<\/div>\n\t\t\t\t<div class=\"elementor-element elementor-element-883e704 elementor-widget elementor-widget-heading\" data-id=\"883e704\" data-element_type=\"widget\" data-e-type=\"widget\" data-widget_type=\"heading.default\">\n\t\t\t\t<div class=\"elementor-widget-container\">\n\t\t\t\t\t<h2 class=\"elementor-heading-title elementor-size-default\">Verbessern Sie Ihr Leben. Heute!<\/h2>\t\t\t\t<\/div>\n\t\t\t\t<\/div>\n\t\t\t\t<div class=\"elementor-element elementor-element-7db17f5 elementor-widget elementor-widget-text-editor\" data-id=\"7db17f5\" data-element_type=\"widget\" data-e-type=\"widget\" data-widget_type=\"text-editor.default\">\n\t\t\t\t<div class=\"elementor-widget-container\">\n\t\t\t\t\t\t\t\t\tEntdecken Sie die sofortige Kraft der Hypnotherapie zur Heilung von S\u00fcchten, Phobien und pers\u00f6nlichen und gesch\u00e4ftlichen Problemen!\t\t\t\t\t\t\t\t<\/div>\n\t\t\t\t<\/div>\n\t\t\t\t<div class=\"elementor-element elementor-element-f55a940 elementor-widget elementor-widget-themo-call-to-action\" data-id=\"f55a940\" data-element_type=\"widget\" data-e-type=\"widget\" data-widget_type=\"themo-call-to-action.default\">\n\t\t\t\t<div class=\"elementor-widget-container\">\n\t\t\t\t\t\t\t<div class=\"th-cta\">\n\t\t\t\n                        <div class=\"th-cta-btn\">\n\n                                    <a class=\"btn-1 btn th-btn btn-standard-light\" href=\"https:\/\/tjeerdgeerts.com\/de\/termin-vereinbaren\/\" target=\"_blank\">\n                                                    Vereinbaren Sie einen Termin                                            <\/a>\n                \n                            <\/div>\n            \t\t<\/div>\n\t\t\t\t\t\t<\/div>\n\t\t\t\t<\/div>\n\t\t\t\t<div class=\"elementor-element elementor-element-2f13254 elementor-widget elementor-widget-spacer\" data-id=\"2f13254\" data-element_type=\"widget\" data-e-type=\"widget\" data-widget_type=\"spacer.default\">\n\t\t\t\t<div class=\"elementor-widget-container\">\n\t\t\t\t\t\t\t<div class=\"elementor-spacer\">\n\t\t\t<div class=\"elementor-spacer-inner\"><\/div>\n\t\t<\/div>\n\t\t\t\t\t\t<\/div>\n\t\t\t\t<\/div>\n\t\t\t\t\t<\/div>\n\t\t<\/div>\n\t\t\t\t\t<\/div>\n\t\t<\/section>\n\t\t\t\t<\/div>\n\t\t","protected":false},"excerpt":{"rendered":"<p>Hypnotherapie kann das folgende unerw\u00fcnschte Verhalten ver\u00e4ndern Nagelbei\u00dfen Zorn Aggression Verbessern Sie Ihr Leben. Heute! Entdecken Sie die sofortige Kraft der Hypnotherapie zur Heilung von S\u00fcchten, Phobien und pers\u00f6nlichen und gesch\u00e4ftlichen Problemen! Vereinbaren Sie einen Termin<\/p>\n","protected":false},"author":2,"featured_media":0,"parent":0,"menu_order":29,"comment_status":"closed","ping_status":"closed","template":"","meta":{"_joinchat":[],"footnotes":""},"class_list":["post-2292","page","type-page","status-publish","hentry"],"_links":{"self":[{"href":"https:\/\/tjeerdgeerts.com\/de\/wp-json\/wp\/v2\/pages\/2292","targetHints":{"allow":["GET"]}}],"collection":[{"href":"https:\/\/tjeerdgeerts.com\/de\/wp-json\/wp\/v2\/pages"}],"about":[{"href":"https:\/\/tjeerdgeerts.com\/de\/wp-json\/wp\/v2\/types\/page"}],"author":[{"embeddable":true,"href":"https:\/\/tjeerdgeerts.com\/de\/wp-json\/wp\/v2\/users\/2"}],"replies":[{"embeddable":true,"href":"https:\/\/tjeerdgeerts.com\/de\/wp-json\/wp\/v2\/comments?post=2292"}],"version-history":[{"count":6,"href":"https:\/\/tjeerdgeerts.com\/de\/wp-json\/wp\/v2\/pages\/2292\/revisions"}],"predecessor-version":[{"id":2507,"href":"https:\/\/tjeerdgeerts.com\/de\/wp-json\/wp\/v2\/pages\/2292\/revisions\/2507"}],"wp:attachment":[{"href":"https:\/\/tjeerdgeerts.com\/de\/wp-json\/wp\/v2\/media?parent=2292"}],"curies":[{"name":"wp","href":"https:\/\/api.w.org\/{rel}","templated":true}]}}