{"id":2216,"date":"2021-10-23T17:32:00","date_gmt":"2021-10-23T17:32:00","guid":{"rendered":"https:\/\/tjeerdgeerts.com\/?page_id=261"},"modified":"2021-11-02T10:36:38","modified_gmt":"2021-11-02T10:36:38","slug":"stress-und-angst","status":"publish","type":"page","link":"https:\/\/tjeerdgeerts.com\/de\/stress-und-angst\/","title":{"rendered":"Stress und Angst"},"content":{"rendered":"\t\t<div data-elementor-type=\"wp-page\" data-elementor-id=\"2216\" class=\"elementor elementor-2216 elementor-261\">\n\t\t\t\t\t\t<section class=\"elementor-section elementor-top-section elementor-element elementor-element-63f89b4e elementor-section-boxed elementor-section-height-default elementor-section-height-default\" data-id=\"63f89b4e\" data-element_type=\"section\" data-e-type=\"section\">\n\t\t\t\t\t\t<div class=\"elementor-container elementor-column-gap-default\">\n\t\t\t\t\t<div class=\"elementor-column elementor-col-100 elementor-top-column elementor-element elementor-element-3f999288\" data-id=\"3f999288\" data-element_type=\"column\" data-e-type=\"column\">\n\t\t\t<div class=\"elementor-widget-wrap elementor-element-populated\">\n\t\t\t\t\t\t<div class=\"elementor-element elementor-element-3d2db2c elementor-widget elementor-widget-text-editor\" data-id=\"3d2db2c\" data-element_type=\"widget\" data-e-type=\"widget\" data-widget_type=\"text-editor.default\">\n\t\t\t\t<div class=\"elementor-widget-container\">\n\t\t\t\t\t\t\t\t\t<p><img fetchpriority=\"high\" decoding=\"async\" src=\"https:\/\/tjeerdgeerts.com\/wp-content\/uploads\/2021\/10\/service-3-1920x1080-2-1024x576.jpg\" sizes=\"(max-width: 1024px) 100vw, 1024px\" srcset=\"https:\/\/tjeerdgeerts.com\/wp-content\/uploads\/2021\/10\/service-3-1920x1080-2-1024x576.jpg 1024w, https:\/\/tjeerdgeerts.com\/wp-content\/uploads\/2021\/10\/service-3-1920x1080-2-600x338.jpg 600w, https:\/\/tjeerdgeerts.com\/wp-content\/uploads\/2021\/10\/service-3-1920x1080-2-300x169.jpg 300w, https:\/\/tjeerdgeerts.com\/wp-content\/uploads\/2021\/10\/service-3-1920x1080-2-768x432.jpg 768w, https:\/\/tjeerdgeerts.com\/wp-content\/uploads\/2021\/10\/service-3-1920x1080-2-1536x864.jpg 1536w, https:\/\/tjeerdgeerts.com\/wp-content\/uploads\/2021\/10\/service-3-1920x1080-2-53x30.jpg 53w, https:\/\/tjeerdgeerts.com\/wp-content\/uploads\/2021\/10\/service-3-1920x1080-2-142x80.jpg 142w, https:\/\/tjeerdgeerts.com\/wp-content\/uploads\/2021\/10\/service-3-1920x1080-2-394x222.jpg 394w, https:\/\/tjeerdgeerts.com\/wp-content\/uploads\/2021\/10\/service-3-1920x1080-2-915x515.jpg 915w, https:\/\/tjeerdgeerts.com\/wp-content\/uploads\/2021\/10\/service-3-1920x1080-2-1240x698.jpg 1240w, https:\/\/tjeerdgeerts.com\/wp-content\/uploads\/2021\/10\/service-3-1920x1080-2.jpg 1920w\" alt=\"\" width=\"1024\" height=\"576\" \/><\/p>\n<p>Bekannt als unglaublich effizient, wenn sie richtig gemacht wird, kann Hypnotherapie als Ganzes zur Heilung einer echten Reihe von Krankheiten, S\u00fcchten, Phobien und \u00e4hnlichen emotionalen Problemen angewendet werden, die man haben k\u00f6nnte.<\/p>\n<p>Aber gerade wenn es um S\u00fcchte wie Alkoholismus, Sexsucht oder Drogen geht, erweist es sich als effektiver und viel schneller als Ihre regelm\u00e4\u00dfigen konventionellen Reha-Psychologen.\t\t\t\t\t\t\t\t<\/div>\n\t\t\t\t<\/div>\n\t\t\t\t\t<\/div>\n\t\t<\/div>\n\t\t\t\t\t<\/div>\n\t\t<\/section>\n\t\t\t\t<section class=\"elementor-section elementor-top-section elementor-element elementor-element-45a1685 elementor-section-stretched elementor-section-boxed elementor-section-height-default elementor-section-height-default\" data-id=\"45a1685\" data-element_type=\"section\" data-e-type=\"section\" data-settings=\"{&quot;stretch_section&quot;:&quot;section-stretched&quot;,&quot;background_background&quot;:&quot;classic&quot;}\">\n\t\t\t\t\t\t<div class=\"elementor-container elementor-column-gap-default\">\n\t\t\t\t\t<div class=\"elementor-column elementor-col-100 elementor-top-column elementor-element elementor-element-3486330\" data-id=\"3486330\" data-element_type=\"column\" data-e-type=\"column\">\n\t\t\t<div class=\"elementor-widget-wrap elementor-element-populated\">\n\t\t\t\t\t\t<div class=\"elementor-element elementor-element-f11b610 elementor-widget elementor-widget-spacer\" data-id=\"f11b610\" data-element_type=\"widget\" data-e-type=\"widget\" data-widget_type=\"spacer.default\">\n\t\t\t\t<div class=\"elementor-widget-container\">\n\t\t\t\t\t\t\t<div class=\"elementor-spacer\">\n\t\t\t<div class=\"elementor-spacer-inner\"><\/div>\n\t\t<\/div>\n\t\t\t\t\t\t<\/div>\n\t\t\t\t<\/div>\n\t\t\t\t<div class=\"elementor-element elementor-element-32018be elementor-widget elementor-widget-heading\" data-id=\"32018be\" data-element_type=\"widget\" data-e-type=\"widget\" data-widget_type=\"heading.default\">\n\t\t\t\t<div class=\"elementor-widget-container\">\n\t\t\t\t\t<h2 class=\"elementor-heading-title elementor-size-default\">Verbessern Sie Ihr Leben. Heute!<\/h2>\t\t\t\t<\/div>\n\t\t\t\t<\/div>\n\t\t\t\t<div class=\"elementor-element elementor-element-f4f7186 elementor-widget elementor-widget-text-editor\" data-id=\"f4f7186\" data-element_type=\"widget\" data-e-type=\"widget\" data-widget_type=\"text-editor.default\">\n\t\t\t\t<div class=\"elementor-widget-container\">\n\t\t\t\t\t\t\t\t\t<div class=\"service-cta_desc\">\n<p class=\"has-text-align-center\">Entdecken Sie die sofortige Kraft der Hypnotherapie zur Heilung von S\u00fcchten, Phobien und pers\u00f6nlichen und gesch\u00e4ftlichen Problemen!<\/p>\n<\/div>\t\t\t\t\t\t\t\t<\/div>\n\t\t\t\t<\/div>\n\t\t\t\t<div class=\"elementor-element elementor-element-fe11ca7 elementor-widget elementor-widget-themo-call-to-action\" data-id=\"fe11ca7\" data-element_type=\"widget\" data-e-type=\"widget\" data-widget_type=\"themo-call-to-action.default\">\n\t\t\t\t<div class=\"elementor-widget-container\">\n\t\t\t\t\t\t\t<div class=\"th-cta\">\n\t\t\t\n                        <div class=\"th-cta-btn\">\n\n                                    <a class=\"btn-1 btn th-btn btn-standard-light\" href=\"https:\/\/tjeerdgeerts.com\/de\/termin-vereinbaren\/\" target=\"_blank\">\n                                                    Vereinbaren Sie einen Termin                                            <\/a>\n                \n                            <\/div>\n            \t\t<\/div>\n\t\t\t\t\t\t<\/div>\n\t\t\t\t<\/div>\n\t\t\t\t<div class=\"elementor-element elementor-element-80cd531 elementor-widget elementor-widget-spacer\" data-id=\"80cd531\" data-element_type=\"widget\" data-e-type=\"widget\" data-widget_type=\"spacer.default\">\n\t\t\t\t<div class=\"elementor-widget-container\">\n\t\t\t\t\t\t\t<div class=\"elementor-spacer\">\n\t\t\t<div class=\"elementor-spacer-inner\"><\/div>\n\t\t<\/div>\n\t\t\t\t\t\t<\/div>\n\t\t\t\t<\/div>\n\t\t\t\t\t<\/div>\n\t\t<\/div>\n\t\t\t\t\t<\/div>\n\t\t<\/section>\n\t\t\t\t<\/div>\n\t\t","protected":false},"excerpt":{"rendered":"<p>Bekannt als unglaublich effizient, wenn sie richtig gemacht wird, kann Hypnotherapie als Ganzes zur Heilung einer echten Reihe von Krankheiten, S\u00fcchten, Phobien und \u00e4hnlichen emotionalen Problemen angewendet werden, die man haben k\u00f6nnte. Aber gerade wenn es um S\u00fcchte wie Alkoholismus, &hellip; <a href=\"https:\/\/tjeerdgeerts.com\/de\/stress-und-angst\/\">Read More<\/a><\/p>\n","protected":false},"author":2,"featured_media":0,"parent":0,"menu_order":26,"comment_status":"closed","ping_status":"closed","template":"","meta":{"_joinchat":[],"footnotes":""},"class_list":["post-2216","page","type-page","status-publish","hentry"],"_links":{"self":[{"href":"https:\/\/tjeerdgeerts.com\/de\/wp-json\/wp\/v2\/pages\/2216","targetHints":{"allow":["GET"]}}],"collection":[{"href":"https:\/\/tjeerdgeerts.com\/de\/wp-json\/wp\/v2\/pages"}],"about":[{"href":"https:\/\/tjeerdgeerts.com\/de\/wp-json\/wp\/v2\/types\/page"}],"author":[{"embeddable":true,"href":"https:\/\/tjeerdgeerts.com\/de\/wp-json\/wp\/v2\/users\/2"}],"replies":[{"embeddable":true,"href":"https:\/\/tjeerdgeerts.com\/de\/wp-json\/wp\/v2\/comments?post=2216"}],"version-history":[{"count":6,"href":"https:\/\/tjeerdgeerts.com\/de\/wp-json\/wp\/v2\/pages\/2216\/revisions"}],"predecessor-version":[{"id":2497,"href":"https:\/\/tjeerdgeerts.com\/de\/wp-json\/wp\/v2\/pages\/2216\/revisions\/2497"}],"wp:attachment":[{"href":"https:\/\/tjeerdgeerts.com\/de\/wp-json\/wp\/v2\/media?parent=2216"}],"curies":[{"name":"wp","href":"https:\/\/api.w.org\/{rel}","templated":true}]}}