{"id":2210,"date":"2021-10-23T17:41:30","date_gmt":"2021-10-23T17:41:30","guid":{"rendered":"https:\/\/tjeerdgeerts.com\/?page_id=278"},"modified":"2021-11-02T10:36:38","modified_gmt":"2021-11-02T10:36:38","slug":"der-hypnotische-zustand","status":"publish","type":"page","link":"https:\/\/tjeerdgeerts.com\/de\/der-hypnotische-zustand\/","title":{"rendered":"Der hypnotische Zustand"},"content":{"rendered":"\t\t<div data-elementor-type=\"wp-page\" data-elementor-id=\"2210\" class=\"elementor elementor-2210 elementor-2209\">\n\t\t\t\t\t\t<section class=\"elementor-section elementor-top-section elementor-element elementor-element-50e00b84 elementor-section-boxed elementor-section-height-default elementor-section-height-default\" data-id=\"50e00b84\" data-element_type=\"section\" data-e-type=\"section\">\n\t\t\t\t\t\t<div class=\"elementor-container elementor-column-gap-default\">\n\t\t\t\t\t<div class=\"elementor-column elementor-col-100 elementor-top-column elementor-element elementor-element-2b341746\" data-id=\"2b341746\" data-element_type=\"column\" data-e-type=\"column\">\n\t\t\t<div class=\"elementor-widget-wrap elementor-element-populated\">\n\t\t\t\t\t\t<div class=\"elementor-element elementor-element-7a93c89a elementor-widget elementor-widget-text-editor\" data-id=\"7a93c89a\" data-element_type=\"widget\" data-e-type=\"widget\" data-widget_type=\"text-editor.default\">\n\t\t\t\t<div class=\"elementor-widget-container\">\n\t\t\t\t\t\t\t\t\t<p>Der hypnotische Geisteszustand ist ein v\u00f6llig nat\u00fcrliches Ph\u00e4nomen, das bei jeder Person mehrmals t\u00e4glich auftritt. Sie werden oft als \u201eabwesend\u201c oder \u201eTagtr\u00e4umen\u201c bezeichnet und sind typische Anzeichen daf\u00fcr, dass eine Person in den hypnotischen Zustand eintritt oder auch \u201eTrancezustand\u201c genannt wird. Dar\u00fcber hinaus sind die Momente vor dem Einschlafen oder Aufwachen hypnotische Zust\u00e4nde. In diesen Zust\u00e4nden wendet sich der Geist nach innen und f\u00fchlt sich ruhig, wodurch das Unterbewusstsein empf\u00e4nglich f\u00fcr Vorschl\u00e4ge ist, entweder von sich selbst oder von jemandem wie einem Hypnotherapeuten. Wenn ein Wunsch nach Ver\u00e4nderung besteht und der Quelle und dem Inhalt der Vorschl\u00e4ge vertraut wird, wird das Unbewusste den Vorschlag akzeptieren und die \u00c4nderung wird angewendet. Denken Sie daran, dass die Person, die eine Behandlung erh\u00e4lt, immer sicher sein muss, dass diese Ver\u00e4nderungen vorteilhaft und zu ihrem eigenen Wohl sind, um den Vorschlag zu akzeptieren. Am Ende ist jede Hypnose Selbsthypnose. Sie k\u00f6nnen es mit dem Erlernen des Autofahrens mit einem Fahrlehrer vergleichen, Sie wissen nicht, wie man das Auto f\u00e4hrt, aber der Fahrlehrer sagt Ihnen, was zu tun ist, und das Auto wird sich bewegen und Sie werden es in die Richtung fahren, die er angibt. Sie zu. Aber wenn er dir sagt, dass du etwas tun sollst, das schlecht f\u00fcr dich w\u00e4re und du gerne gegen eine Wand triffst, wirst du den Vorschlag leugnen und du wirst es nicht tun.<\/p>\n<p><a href=\"https:\/\/tjeerdgeerts.com\/de\/nach-hause\/\" target=\"_blank\" rel=\"noopener\"><br \/>Zur\u00fcck zur Startseite<\/a><\/p>\n<p>\u00a0<\/p>\n\t\t\t\t\t\t\t\t<\/div>\n\t\t\t\t<\/div>\n\t\t\t\t\t<\/div>\n\t\t<\/div>\n\t\t\t\t\t<\/div>\n\t\t<\/section>\n\t\t\t\t<section class=\"elementor-section elementor-top-section elementor-element elementor-element-ba5046b elementor-section-stretched elementor-section-boxed elementor-section-height-default elementor-section-height-default\" data-id=\"ba5046b\" data-element_type=\"section\" data-e-type=\"section\" data-settings=\"{&quot;stretch_section&quot;:&quot;section-stretched&quot;,&quot;background_background&quot;:&quot;classic&quot;}\">\n\t\t\t\t\t\t<div class=\"elementor-container elementor-column-gap-default\">\n\t\t\t\t\t<div class=\"elementor-column elementor-col-100 elementor-top-column elementor-element elementor-element-af48f5e\" data-id=\"af48f5e\" data-element_type=\"column\" data-e-type=\"column\">\n\t\t\t<div class=\"elementor-widget-wrap elementor-element-populated\">\n\t\t\t\t\t\t<div class=\"elementor-element elementor-element-786a62d elementor-widget elementor-widget-spacer\" data-id=\"786a62d\" data-element_type=\"widget\" data-e-type=\"widget\" data-widget_type=\"spacer.default\">\n\t\t\t\t<div class=\"elementor-widget-container\">\n\t\t\t\t\t\t\t<div class=\"elementor-spacer\">\n\t\t\t<div class=\"elementor-spacer-inner\"><\/div>\n\t\t<\/div>\n\t\t\t\t\t\t<\/div>\n\t\t\t\t<\/div>\n\t\t\t\t<div class=\"elementor-element elementor-element-86d3d2a elementor-widget elementor-widget-heading\" data-id=\"86d3d2a\" data-element_type=\"widget\" data-e-type=\"widget\" data-widget_type=\"heading.default\">\n\t\t\t\t<div class=\"elementor-widget-container\">\n\t\t\t\t\t<h2 class=\"elementor-heading-title elementor-size-default\">Entscheide heute, wie dein Leben morgen aussehen wird!<\/h2>\t\t\t\t<\/div>\n\t\t\t\t<\/div>\n\t\t\t\t<div class=\"elementor-element elementor-element-4209417 elementor-widget elementor-widget-text-editor\" data-id=\"4209417\" data-element_type=\"widget\" data-e-type=\"widget\" data-widget_type=\"text-editor.default\">\n\t\t\t\t<div class=\"elementor-widget-container\">\n\t\t\t\t\t\t\t\t\tBefreien Sie sich von jeder Art von Sucht, befreien Sie sich von der Last der Sucht<\/p>\t\t\t\t\t\t\t\t<\/div>\n\t\t\t\t<\/div>\n\t\t\t\t<div class=\"elementor-element elementor-element-dcb1103 elementor-widget elementor-widget-themo-call-to-action\" data-id=\"dcb1103\" data-element_type=\"widget\" data-e-type=\"widget\" data-widget_type=\"themo-call-to-action.default\">\n\t\t\t\t<div class=\"elementor-widget-container\">\n\t\t\t\t\t\t\t<div class=\"th-cta\">\n\t\t\t\n                        <div class=\"th-cta-btn\">\n\n                                    <a class=\"btn-1 btn th-btn btn-standard-light\" href=\"https:\/\/tjeerdgeerts.com\/de\/termin-vereinbaren\/\" target=\"_blank\">\n                                                    Termin vereinbaren                                            <\/a>\n                \n                            <\/div>\n            \t\t<\/div>\n\t\t\t\t\t\t<\/div>\n\t\t\t\t<\/div>\n\t\t\t\t<div class=\"elementor-element elementor-element-2b031b6 elementor-widget elementor-widget-spacer\" data-id=\"2b031b6\" data-element_type=\"widget\" data-e-type=\"widget\" data-widget_type=\"spacer.default\">\n\t\t\t\t<div class=\"elementor-widget-container\">\n\t\t\t\t\t\t\t<div class=\"elementor-spacer\">\n\t\t\t<div class=\"elementor-spacer-inner\"><\/div>\n\t\t<\/div>\n\t\t\t\t\t\t<\/div>\n\t\t\t\t<\/div>\n\t\t\t\t\t<\/div>\n\t\t<\/div>\n\t\t\t\t\t<\/div>\n\t\t<\/section>\n\t\t\t\t<\/div>\n\t\t","protected":false},"excerpt":{"rendered":"<p>Der hypnotische Geisteszustand ist ein v\u00f6llig nat\u00fcrliches Ph\u00e4nomen, das bei jeder Person mehrmals t\u00e4glich auftritt. Sie werden oft als \u201eabwesend\u201c oder \u201eTagtr\u00e4umen\u201c bezeichnet und sind typische Anzeichen daf\u00fcr, dass eine Person in den hypnotischen Zustand eintritt oder auch \u201eTrancezustand\u201c genannt &hellip; <a href=\"https:\/\/tjeerdgeerts.com\/de\/der-hypnotische-zustand\/\">Read More<\/a><\/p>\n","protected":false},"author":2,"featured_media":0,"parent":0,"menu_order":15,"comment_status":"closed","ping_status":"closed","template":"","meta":{"_joinchat":[],"footnotes":""},"class_list":["post-2210","page","type-page","status-publish","hentry"],"_links":{"self":[{"href":"https:\/\/tjeerdgeerts.com\/de\/wp-json\/wp\/v2\/pages\/2210","targetHints":{"allow":["GET"]}}],"collection":[{"href":"https:\/\/tjeerdgeerts.com\/de\/wp-json\/wp\/v2\/pages"}],"about":[{"href":"https:\/\/tjeerdgeerts.com\/de\/wp-json\/wp\/v2\/types\/page"}],"author":[{"embeddable":true,"href":"https:\/\/tjeerdgeerts.com\/de\/wp-json\/wp\/v2\/users\/2"}],"replies":[{"embeddable":true,"href":"https:\/\/tjeerdgeerts.com\/de\/wp-json\/wp\/v2\/comments?post=2210"}],"version-history":[{"count":7,"href":"https:\/\/tjeerdgeerts.com\/de\/wp-json\/wp\/v2\/pages\/2210\/revisions"}],"predecessor-version":[{"id":2491,"href":"https:\/\/tjeerdgeerts.com\/de\/wp-json\/wp\/v2\/pages\/2210\/revisions\/2491"}],"wp:attachment":[{"href":"https:\/\/tjeerdgeerts.com\/de\/wp-json\/wp\/v2\/media?parent=2210"}],"curies":[{"name":"wp","href":"https:\/\/api.w.org\/{rel}","templated":true}]}}